{"id":2377,"date":"2025-08-04T14:21:00","date_gmt":"2025-08-04T14:21:00","guid":{"rendered":"https:\/\/yodhalegal.es\/?page_id=2377"},"modified":"2026-01-12T14:51:32","modified_gmt":"2026-01-12T14:51:32","slug":"privacy-policy","status":"publish","type":"page","link":"https:\/\/yodhalegal.es\/es\/privacy-policy\/","title":{"rendered":"Pol\u00edtica de Privacidad"},"content":{"rendered":"<div data-elementor-type=\"wp-page\" data-elementor-id=\"2377\" class=\"elementor elementor-2377\" data-elementor-post-type=\"page\">\n\t\t\t\t<div class=\"elementor-element elementor-element-b63fb9b e-flex e-con-boxed wpr-particle-no wpr-jarallax-no wpr-parallax-no wpr-sticky-section-no e-con e-parent\" data-id=\"b63fb9b\" data-element_type=\"container\" data-e-type=\"container\" data-settings=\"{&quot;background_background&quot;:&quot;classic&quot;}\">\n\t\t\t\t\t<div class=\"e-con-inner\">\n\t\t<div class=\"elementor-element elementor-element-52bc439 e-con-full e-flex wpr-particle-no wpr-jarallax-no wpr-parallax-no wpr-sticky-section-no e-con e-child\" data-id=\"52bc439\" data-element_type=\"container\" data-e-type=\"container\">\n\t\t\t\t<div class=\"elementor-element elementor-element-3ff5c5b elementor-widget elementor-widget-heading\" data-id=\"3ff5c5b\" data-element_type=\"widget\" data-e-type=\"widget\" data-widget_type=\"heading.default\">\n\t\t\t\t\t<h1 class=\"elementor-heading-title elementor-size-default\">Pol\u00edtica de Privacidad<\/h1>\t\t\t\t<\/div>\n\t\t\t\t<\/div>\n\t\t\t\t<div class=\"elementor-element elementor-element-f6a9d54 elementor-widget elementor-widget-wpr-breadcrumbs-pro\" data-id=\"f6a9d54\" data-element_type=\"widget\" data-e-type=\"widget\" data-widget_type=\"wpr-breadcrumbs-pro.default\">\n\t\t\t\t\t<div class=\"wpr-post-breadcrumbs\"><ul class=\"wpr-breadcrumbs\"><li><a href=\"https:\/\/yodhalegal.es\/es\">Inicio<\/a><\/li><li>&gt;<\/li><\/ul><\/div>\t\t\t\t<\/div>\n\t\t\t\t\t<\/div>\n\t\t\t\t<\/div>\n\t\t<div class=\"elementor-element elementor-element-9c9ace2 e-flex e-con-boxed wpr-particle-no wpr-jarallax-no wpr-parallax-no wpr-sticky-section-no e-con e-parent\" data-id=\"9c9ace2\" data-element_type=\"container\" data-e-type=\"container\" data-settings=\"{&quot;background_background&quot;:&quot;classic&quot;}\">\n\t\t\t\t\t<div class=\"e-con-inner\">\n\t\t<div class=\"elementor-element elementor-element-cf2a44c e-con-full e-flex wpr-particle-no wpr-jarallax-no wpr-parallax-no wpr-sticky-section-no e-con e-child\" data-id=\"cf2a44c\" data-element_type=\"container\" data-e-type=\"container\">\n\t\t\t\t<div class=\"elementor-element elementor-element-bddfcf9 elementor-widget elementor-widget-text-editor\" data-id=\"bddfcf9\" data-element_type=\"widget\" data-e-type=\"widget\" data-widget_type=\"text-editor.default\">\n\t\t\t\t\t\t\t\t\t<h3>1. Responsable del tratamiento<\/h3>\t\t\t\t\t\t\t\t<\/div>\n\t\t\t\t<div class=\"elementor-element elementor-element-05db56b elementor-widget elementor-widget-text-editor\" data-id=\"05db56b\" data-element_type=\"widget\" data-e-type=\"widget\" data-widget_type=\"text-editor.default\">\n\t\t\t\t\t\t\t\t\t<ul><li style=\"font-weight: 400;\" aria-level=\"1\"><span style=\"font-weight: 400;\"><strong>Identidad del Responsable:<\/strong> Grupo Yodha 2024 S.L<\/span><\/li><li style=\"font-weight: 400;\" aria-level=\"1\"><span style=\"font-weight: 400;\"><strong>Direcci\u00f3n:<\/strong> Calle de Pelai 12, 3D 08001<\/span><\/li><li style=\"font-weight: 400;\" aria-level=\"1\"><span style=\"font-weight: 400;\"><strong>NIF\/CIF:<\/strong> B55455158<\/span><\/li><li><strong>Correo electr\u00f3nico de contacto: <\/strong><a href=\"mailto:grupoyodha@gmail.com\"><span style=\"font-weight: 400;\">grupoyodha@gmail.com<\/span><\/a><\/li><\/ul>\t\t\t\t\t\t\t\t<\/div>\n\t\t\t\t<div class=\"elementor-element elementor-element-a785d62 elementor-widget elementor-widget-text-editor\" data-id=\"a785d62\" data-element_type=\"widget\" data-e-type=\"widget\" data-widget_type=\"text-editor.default\">\n\t\t\t\t\t\t\t\t\t<h3>2. <span style=\"font-weight: 400;\">Finalidades, legitimaci\u00f3n y plazos de conservaci\u00f3n del tratamiento de datos<\/span><\/h3>\t\t\t\t\t\t\t\t<\/div>\n\t\t\t\t<div class=\"elementor-element elementor-element-1000ac5 elementor-widget elementor-widget-text-editor\" data-id=\"1000ac5\" data-element_type=\"widget\" data-e-type=\"widget\" data-widget_type=\"text-editor.default\">\n\t\t\t\t\t\t\t\t\t<h4>2.1. <span style=\"font-weight: 400;\">Contacto a trav\u00e9s de correo electr\u00f3nico<\/span><\/h4>\t\t\t\t\t\t\t\t<\/div>\n\t\t\t\t<div class=\"elementor-element elementor-element-c055b46 elementor-widget elementor-widget-text-editor\" data-id=\"c055b46\" data-element_type=\"widget\" data-e-type=\"widget\" data-widget_type=\"text-editor.default\">\n\t\t\t\t\t\t\t\t\t<ul><li style=\"font-weight: 400;\" aria-level=\"3\"><span style=\"font-weight: 400;\"><strong>Finalidad:<\/strong> Atender consultas, responder solicitudes de informaci\u00f3n o cualquier comunicaci\u00f3n relacionada con los servicios ofrecidos.<\/span><\/li><li style=\"font-weight: 400;\" aria-level=\"3\"><span style=\"font-weight: 400;\"><strong>Legitimaci\u00f3n:<\/strong> Consentimiento del usuario al iniciar el contacto voluntariamente por correo electr\u00f3nico.<\/span><\/li><li style=\"font-weight: 400;\" aria-level=\"3\"><span style=\"font-weight: 400;\"><strong>Plazo de conservaci\u00f3n:<\/strong> Los datos se conservar\u00e1n \u00fanicamente el tiempo necesario para atender la solicitud, as\u00ed como el m\u00ednimo exigido por motivos legales en caso de responsabilidades.<\/span><\/li><\/ul>\t\t\t\t\t\t\t\t<\/div>\n\t\t\t\t<div class=\"elementor-element elementor-element-9b48bc2 elementor-widget elementor-widget-text-editor\" data-id=\"9b48bc2\" data-element_type=\"widget\" data-e-type=\"widget\" data-widget_type=\"text-editor.default\">\n\t\t\t\t\t\t\t\t\t<h3>3. <span style=\"font-weight: 400;\">Destinatarios de los datos<\/span><\/h3>\t\t\t\t\t\t\t\t<\/div>\n\t\t\t\t<div class=\"elementor-element elementor-element-64cdac0 elementor-widget elementor-widget-text-editor\" data-id=\"64cdac0\" data-element_type=\"widget\" data-e-type=\"widget\" data-widget_type=\"text-editor.default\">\n\t\t\t\t\t\t\t\t\t<p><span style=\"font-weight: 400;\">Los datos ser\u00e1n tratados con estricta confidencialidad y no se ceder\u00e1n a terceros, salvo obligaci\u00f3n legal.<\/span><\/p>\t\t\t\t\t\t\t\t<\/div>\n\t\t\t\t<div class=\"elementor-element elementor-element-9484ddf elementor-widget elementor-widget-text-editor\" data-id=\"9484ddf\" data-element_type=\"widget\" data-e-type=\"widget\" data-widget_type=\"text-editor.default\">\n\t\t\t\t\t\t\t\t\t<h3>4. <span style=\"font-weight: 400;\">Derechos de los interesados<\/span><\/h3>\t\t\t\t\t\t\t\t<\/div>\n\t\t\t\t<div class=\"elementor-element elementor-element-0150c10 elementor-widget elementor-widget-text-editor\" data-id=\"0150c10\" data-element_type=\"widget\" data-e-type=\"widget\" data-widget_type=\"text-editor.default\">\n\t\t\t\t\t\t\t\t\t<p><span style=\"font-weight: 400;\">Los usuarios pueden ejercer en cualquier momento los siguientes derechos respecto a sus datos personales:<\/span><\/p><ul><li style=\"font-weight: 400;\" aria-level=\"1\"><span style=\"font-weight: 400;\"><strong>Acceso:<\/strong> Conocer qu\u00e9 datos se tratan y obtener una copia.<\/span><\/li><li style=\"font-weight: 400;\" aria-level=\"1\"><span style=\"font-weight: 400;\"><strong>Rectificaci\u00f3n:<\/strong> Corregir datos inexactos o incompletos.<\/span><span style=\"font-weight: 400;\"><br \/><\/span><\/li><li style=\"font-weight: 400;\" aria-level=\"1\"><span style=\"font-weight: 400;\"><strong>Supresi\u00f3n:<\/strong> Solicitar la eliminaci\u00f3n de los datos cuando ya no sean necesarios.<\/span><\/li><li style=\"font-weight: 400;\" aria-level=\"1\"><span style=\"font-weight: 400;\"><strong>Limitaci\u00f3n del tratamiento:<\/strong> Restringir el uso en determinados supuestos.<\/span><\/li><li style=\"font-weight: 400;\" aria-level=\"1\"><span style=\"font-weight: 400;\"><strong>Oposici\u00f3n:<\/strong> Oponerse al tratamiento por motivos personales.<\/span><\/li><li style=\"font-weight: 400;\" aria-level=\"1\"><span style=\"font-weight: 400;\"><strong>Portabilidad:<\/strong> Recibir los datos en formato estructurado y transferible.<\/span><\/li><li style=\"font-weight: 400;\" aria-level=\"1\"><span style=\"font-weight: 400;\"><strong>No ser objeto de decisiones automatizadas:<\/strong> Incluyendo la elaboraci\u00f3n de perfiles.<\/span><\/li><li style=\"font-weight: 400;\" aria-level=\"1\"><span style=\"font-weight: 400;\"><strong>Retirada del consentimiento:<\/strong> Retirada del consentimiento:<\/span><\/li><\/ul>\t\t\t\t\t\t\t\t<\/div>\n\t\t\t\t<div class=\"elementor-element elementor-element-88b03cb elementor-widget elementor-widget-text-editor\" data-id=\"88b03cb\" data-element_type=\"widget\" data-e-type=\"widget\" data-widget_type=\"text-editor.default\">\n\t\t\t\t\t\t\t\t\t<p><span style=\"font-weight: 400;\"><strong>Ejercicio de derechos:<\/strong> Podr\u00e1n ejercerse mediante correo electr\u00f3nico a <\/span><a href=\"mailto:grupoyodha@gmail.com\"><span style=\"font-weight: 400;\">grupoyodha@gmail.com,<\/span><\/a><span style=\"font-weight: 400;\"> especificando el derecho a ejercer y adjuntando copia del DNI o documento equivalente para verificar la identidad.<\/span><\/p><p>\u00a0<\/p><p><span style=\"font-weight: 400;\"><strong>Reclamaci\u00f3n ante la autoridad de control:<\/strong> En caso de no estar conforme con el tratamiento de los datos, el usuario puede presentar una reclamaci\u00f3n ante la Agencia Espa\u00f1ola de Protecci\u00f3n de Datos (AEPD): <\/span><a href=\"https:\/\/www.aepd.es\/?utm_source=chatgpt.com\"><span style=\"font-weight: 400;\">www.aepd.es<\/span><\/a><span style=\"font-weight: 400;\">.<\/span><\/p>\t\t\t\t\t\t\t\t<\/div>\n\t\t\t\t<div class=\"elementor-element elementor-element-c3e6a19 elementor-widget elementor-widget-text-editor\" data-id=\"c3e6a19\" data-element_type=\"widget\" data-e-type=\"widget\" data-widget_type=\"text-editor.default\">\n\t\t\t\t\t\t\t\t\t<h3>5. <span style=\"font-weight: 400;\">Procedencia de los datos<\/span><\/h3>\t\t\t\t\t\t\t\t<\/div>\n\t\t\t\t<div class=\"elementor-element elementor-element-144eda1 elementor-widget elementor-widget-text-editor\" data-id=\"144eda1\" data-element_type=\"widget\" data-e-type=\"widget\" data-widget_type=\"text-editor.default\">\n\t\t\t\t\t\t\t\t\t<p><span style=\"font-weight: 400;\">Los datos personales tratados proceden directamente del usuario a trav\u00e9s de los formularios de contacto o de los correos electr\u00f3nicos utilizados en este sitio web.<\/span><\/p>\t\t\t\t\t\t\t\t<\/div>\n\t\t\t\t<\/div>\n\t\t<div class=\"elementor-element elementor-element-b111ec7 e-con-full e-flex wpr-particle-no wpr-jarallax-no wpr-parallax-no wpr-sticky-section-no e-con e-child\" data-id=\"b111ec7\" data-element_type=\"container\" data-e-type=\"container\">\n\t\t\t\t<\/div>\n\t\t\t\t\t<\/div>\n\t\t\t\t<\/div>\n\t\t\t\t<\/div>","protected":false},"excerpt":{"rendered":"<p>Privacy Policy Home &gt; 1. Data Controller Identity of the Controller: Grupo Yodha 2024 S.L Address: Calle de Pelai 12, 3D 08001 Tax ID number: B55455158 Contact email: grupoyodha@gmail.com 2. Purposes, Legal Basis, and Data Retention Periods 2.1. Contact via Email Purpose: To respond to inquiries, requests for information, or any communication related to the services offered. Legal basis: User consent when voluntarily initiating contact via email. Retention period: Data will be retained only for the time necessary to handle the request, and for the minimum period required by law in the event of liabilities. 3. Data Recipients Data will be processed with strict confidentiality and will not be disclosed to third parties, except where there is a legal obligation. 4. Rights of Data Subjects Users may exercise the following rights regarding their personal data at any time: Right of access: To know what data is processed and to obtain a copy. Right to rectification: To correct inaccurate or incomplete data. Right to erasure: To request deletion when the data is no longer necessary. Right to restriction of processing: To restrict data use in certain circumstances. Right to object: To object to processing on personal grounds. Right to data portability: To receive data in a structured, commonly used, and machine-readable format. Right not to be subject to automated decisions: Including profiling. Right to withdraw consent: At any time, without affecting the lawfulness of processing based on prior consent. Exercising rights: These rights may be exercised by sending an email to grupoyodha@gmail.com, specifying the right you wish to exercise and attaching a copy of your ID card or equivalent document to verify your identity. \u00a0 Complaint before the supervisory authority: If you believe your rights have not been properly addressed, you may lodge a complaint with the Spanish Data Protection Agency (AEPD): www.aepd.es. 5. Source of the Data The personal data processed comes directly from the user through contact forms or emails used on this website.<\/p>","protected":false},"author":1,"featured_media":0,"parent":0,"menu_order":0,"comment_status":"closed","ping_status":"closed","template":"elementor_header_footer","meta":{"footnotes":""},"class_list":["post-2377","page","type-page","status-publish","hentry","entry"],"yoast_head":"<!-- This site is optimized with the Yoast SEO plugin v26.9 - https:\/\/yoast.com\/product\/yoast-seo-wordpress\/ -->\n<title>How We Protect Your Personal Information | Yodha Legal<\/title>\n<meta name=\"description\" content=\"Read Yodha Legal\u2019s Privacy Policy to understand how we collect, use, and protect your personal data. Transparent, compliant, and secure practices in Spain.\" \/>\n<meta name=\"robots\" content=\"index, follow, max-snippet:-1, max-image-preview:large, max-video-preview:-1\" \/>\n<link rel=\"canonical\" href=\"https:\/\/yodhalegal.es\/es\/privacy-policy\/\" \/>\n<meta property=\"og:locale\" content=\"es_ES\" \/>\n<meta property=\"og:type\" content=\"article\" \/>\n<meta property=\"og:title\" content=\"How We Protect Your Personal Information | Yodha Legal\" \/>\n<meta property=\"og:description\" content=\"Read Yodha Legal\u2019s Privacy Policy to understand how we collect, use, and protect your personal data. Transparent, compliant, and secure practices in Spain.\" \/>\n<meta property=\"og:url\" content=\"https:\/\/yodhalegal.es\/es\/privacy-policy\/\" \/>\n<meta property=\"og:site_name\" content=\"Yodha Legal\" \/>\n<meta property=\"article:modified_time\" content=\"2026-01-12T14:51:32+00:00\" \/>\n<meta name=\"twitter:card\" content=\"summary_large_image\" \/>\n<meta name=\"twitter:label1\" content=\"Tiempo de lectura\" \/>\n\t<meta name=\"twitter:data1\" content=\"2 minutos\" \/>\n<script type=\"application\/ld+json\" class=\"yoast-schema-graph\">{\"@context\":\"https:\/\/schema.org\",\"@graph\":[{\"@type\":\"WebPage\",\"@id\":\"https:\/\/yodhalegal.es\/privacy-policy\/\",\"url\":\"https:\/\/yodhalegal.es\/privacy-policy\/\",\"name\":\"How We Protect Your Personal Information | Yodha Legal\",\"isPartOf\":{\"@id\":\"https:\/\/yodhalegal.es\/#website\"},\"datePublished\":\"2025-08-04T14:21:00+00:00\",\"dateModified\":\"2026-01-12T14:51:32+00:00\",\"description\":\"Read Yodha Legal\u2019s Privacy Policy to understand how we collect, use, and protect your personal data. Transparent, compliant, and secure practices in Spain.\",\"breadcrumb\":{\"@id\":\"https:\/\/yodhalegal.es\/privacy-policy\/#breadcrumb\"},\"inLanguage\":\"es\",\"potentialAction\":[{\"@type\":\"ReadAction\",\"target\":[\"https:\/\/yodhalegal.es\/privacy-policy\/\"]}]},{\"@type\":\"BreadcrumbList\",\"@id\":\"https:\/\/yodhalegal.es\/privacy-policy\/#breadcrumb\",\"itemListElement\":[{\"@type\":\"ListItem\",\"position\":1,\"name\":\"Home\",\"item\":\"https:\/\/yodhalegal.es\/\"},{\"@type\":\"ListItem\",\"position\":2,\"name\":\"Privacy Policy\"}]},{\"@type\":\"WebSite\",\"@id\":\"https:\/\/yodhalegal.es\/#website\",\"url\":\"https:\/\/yodhalegal.es\/\",\"name\":\"Yodha Legal\",\"description\":\"\",\"publisher\":{\"@id\":\"https:\/\/yodhalegal.es\/#organization\"},\"potentialAction\":[{\"@type\":\"SearchAction\",\"target\":{\"@type\":\"EntryPoint\",\"urlTemplate\":\"https:\/\/yodhalegal.es\/?s={search_term_string}\"},\"query-input\":{\"@type\":\"PropertyValueSpecification\",\"valueRequired\":true,\"valueName\":\"search_term_string\"}}],\"inLanguage\":\"es\"},{\"@type\":\"Organization\",\"@id\":\"https:\/\/yodhalegal.es\/#organization\",\"name\":\"Yodha Legal\",\"url\":\"https:\/\/yodhalegal.es\/\",\"logo\":{\"@type\":\"ImageObject\",\"inLanguage\":\"es\",\"@id\":\"https:\/\/yodhalegal.es\/#\/schema\/logo\/image\/\",\"url\":\"https:\/\/yodhalegal.es\/wp-content\/uploads\/2025\/07\/Group-223.png\",\"contentUrl\":\"https:\/\/yodhalegal.es\/wp-content\/uploads\/2025\/07\/Group-223.png\",\"width\":227,\"height\":48,\"caption\":\"Yodha Legal\"},\"image\":{\"@id\":\"https:\/\/yodhalegal.es\/#\/schema\/logo\/image\/\"}}]}<\/script>\n<!-- \/ Yoast SEO plugin. -->","yoast_head_json":{"title":"How We Protect Your Personal Information | Yodha Legal","description":"Read Yodha Legal\u2019s Privacy Policy to understand how we collect, use, and protect your personal data. Transparent, compliant, and secure practices in Spain.","robots":{"index":"index","follow":"follow","max-snippet":"max-snippet:-1","max-image-preview":"max-image-preview:large","max-video-preview":"max-video-preview:-1"},"canonical":"https:\/\/yodhalegal.es\/es\/privacy-policy\/","og_locale":"es_ES","og_type":"article","og_title":"How We Protect Your Personal Information | Yodha Legal","og_description":"Read Yodha Legal\u2019s Privacy Policy to understand how we collect, use, and protect your personal data. Transparent, compliant, and secure practices in Spain.","og_url":"https:\/\/yodhalegal.es\/es\/privacy-policy\/","og_site_name":"Yodha Legal","article_modified_time":"2026-01-12T14:51:32+00:00","twitter_card":"summary_large_image","twitter_misc":{"Tiempo de lectura":"2 minutos"},"schema":{"@context":"https:\/\/schema.org","@graph":[{"@type":"WebPage","@id":"https:\/\/yodhalegal.es\/privacy-policy\/","url":"https:\/\/yodhalegal.es\/privacy-policy\/","name":"How We Protect Your Personal Information | Yodha Legal","isPartOf":{"@id":"https:\/\/yodhalegal.es\/#website"},"datePublished":"2025-08-04T14:21:00+00:00","dateModified":"2026-01-12T14:51:32+00:00","description":"Read Yodha Legal\u2019s Privacy Policy to understand how we collect, use, and protect your personal data. Transparent, compliant, and secure practices in Spain.","breadcrumb":{"@id":"https:\/\/yodhalegal.es\/privacy-policy\/#breadcrumb"},"inLanguage":"es","potentialAction":[{"@type":"ReadAction","target":["https:\/\/yodhalegal.es\/privacy-policy\/"]}]},{"@type":"BreadcrumbList","@id":"https:\/\/yodhalegal.es\/privacy-policy\/#breadcrumb","itemListElement":[{"@type":"ListItem","position":1,"name":"Home","item":"https:\/\/yodhalegal.es\/"},{"@type":"ListItem","position":2,"name":"Privacy Policy"}]},{"@type":"WebSite","@id":"https:\/\/yodhalegal.es\/#website","url":"https:\/\/yodhalegal.es\/","name":"Yodha Legal","description":"","publisher":{"@id":"https:\/\/yodhalegal.es\/#organization"},"potentialAction":[{"@type":"SearchAction","target":{"@type":"EntryPoint","urlTemplate":"https:\/\/yodhalegal.es\/?s={search_term_string}"},"query-input":{"@type":"PropertyValueSpecification","valueRequired":true,"valueName":"search_term_string"}}],"inLanguage":"es"},{"@type":"Organization","@id":"https:\/\/yodhalegal.es\/#organization","name":"Yodha Legal","url":"https:\/\/yodhalegal.es\/","logo":{"@type":"ImageObject","inLanguage":"es","@id":"https:\/\/yodhalegal.es\/#\/schema\/logo\/image\/","url":"https:\/\/yodhalegal.es\/wp-content\/uploads\/2025\/07\/Group-223.png","contentUrl":"https:\/\/yodhalegal.es\/wp-content\/uploads\/2025\/07\/Group-223.png","width":227,"height":48,"caption":"Yodha Legal"},"image":{"@id":"https:\/\/yodhalegal.es\/#\/schema\/logo\/image\/"}}]}},"acf":[],"_links":{"self":[{"href":"https:\/\/yodhalegal.es\/es\/wp-json\/wp\/v2\/pages\/2377","targetHints":{"allow":["GET"]}}],"collection":[{"href":"https:\/\/yodhalegal.es\/es\/wp-json\/wp\/v2\/pages"}],"about":[{"href":"https:\/\/yodhalegal.es\/es\/wp-json\/wp\/v2\/types\/page"}],"author":[{"embeddable":true,"href":"https:\/\/yodhalegal.es\/es\/wp-json\/wp\/v2\/users\/1"}],"replies":[{"embeddable":true,"href":"https:\/\/yodhalegal.es\/es\/wp-json\/wp\/v2\/comments?post=2377"}],"version-history":[{"count":10,"href":"https:\/\/yodhalegal.es\/es\/wp-json\/wp\/v2\/pages\/2377\/revisions"}],"predecessor-version":[{"id":3056,"href":"https:\/\/yodhalegal.es\/es\/wp-json\/wp\/v2\/pages\/2377\/revisions\/3056"}],"wp:attachment":[{"href":"https:\/\/yodhalegal.es\/es\/wp-json\/wp\/v2\/media?parent=2377"}],"curies":[{"name":"wp","href":"https:\/\/api.w.org\/{rel}","templated":true}]}}