{"id":2311,"date":"2025-08-04T11:19:15","date_gmt":"2025-08-04T11:19:15","guid":{"rendered":"https:\/\/yodhalegal.es\/?page_id=2311"},"modified":"2026-02-09T14:14:30","modified_gmt":"2026-02-09T14:14:30","slug":"interpretation-official-translations","status":"publish","type":"page","link":"https:\/\/yodhalegal.es\/es\/services\/interpretation-official-translations\/","title":{"rendered":"Interpretaci\u00f3n y traducciones oficiales"},"content":{"rendered":"<div data-elementor-type=\"wp-page\" data-elementor-id=\"2311\" class=\"elementor elementor-2311\" data-elementor-post-type=\"page\">\n\t\t\t\t<div class=\"elementor-element elementor-element-b63fb9b e-flex e-con-boxed wpr-particle-no wpr-jarallax-no wpr-parallax-no wpr-sticky-section-no e-con e-parent\" data-id=\"b63fb9b\" data-element_type=\"container\" data-e-type=\"container\" data-settings=\"{&quot;background_background&quot;:&quot;classic&quot;}\">\n\t\t\t\t\t<div class=\"e-con-inner\">\n\t\t<div class=\"elementor-element elementor-element-52bc439 e-con-full e-flex wpr-particle-no wpr-jarallax-no wpr-parallax-no wpr-sticky-section-no e-con e-child\" data-id=\"52bc439\" data-element_type=\"container\" data-e-type=\"container\">\n\t\t\t\t<div class=\"elementor-element elementor-element-3ff5c5b elementor-widget elementor-widget-heading\" data-id=\"3ff5c5b\" data-element_type=\"widget\" data-e-type=\"widget\" data-widget_type=\"heading.default\">\n\t\t\t\t\t<h1 class=\"elementor-heading-title elementor-size-default\">Interpretaci\u00f3n y traducciones oficiales<\/h1>\t\t\t\t<\/div>\n\t\t\t\t<\/div>\n\t\t\t\t\t<\/div>\n\t\t\t\t<\/div>\n\t\t<div class=\"elementor-element elementor-element-b971c16 e-flex e-con-boxed wpr-particle-no wpr-jarallax-no wpr-parallax-no wpr-sticky-section-no e-con e-parent\" data-id=\"b971c16\" data-element_type=\"container\" data-e-type=\"container\">\n\t\t\t\t\t<div class=\"e-con-inner\">\n\t\t<div class=\"elementor-element elementor-element-7199baa e-con-full e-flex wpr-particle-no wpr-jarallax-no wpr-parallax-no wpr-sticky-section-no e-con e-child\" data-id=\"7199baa\" data-element_type=\"container\" data-e-type=\"container\">\n\t\t<div class=\"elementor-element elementor-element-028446e e-con-full services-clm e-flex wpr-particle-no wpr-jarallax-no wpr-parallax-no wpr-sticky-section-no e-con e-child\" data-id=\"028446e\" data-element_type=\"container\" data-e-type=\"container\" data-settings=\"{&quot;background_background&quot;:&quot;classic&quot;}\">\n\t\t\t\t<div class=\"elementor-element elementor-element-721bf64 elementor-widget elementor-widget-image\" data-id=\"721bf64\" data-element_type=\"widget\" data-e-type=\"widget\" data-widget_type=\"image.default\">\n\t\t\t\t\t\t\t\t\t\t\t\t\t\t\t<img decoding=\"async\" width=\"44\" height=\"40\" src=\"https:\/\/yodhalegal.es\/wp-content\/uploads\/2025\/07\/chat-icon.png\" class=\"attachment-large size-large wp-image-196\" alt=\"support icon\" style=\"width:100%;height:90.91%;max-width:44px\" \/>\t\t\t\t\t\t\t\t\t\t\t\t\t\t\t<\/div>\n\t\t\t\t<div class=\"elementor-element elementor-element-683081d elementor-widget elementor-widget-icon-box\" data-id=\"683081d\" data-element_type=\"widget\" data-e-type=\"widget\" data-widget_type=\"icon-box.default\">\n\t\t\t\t\t\t\t<div class=\"elementor-icon-box-wrapper\">\n\n\t\t\t\n\t\t\t\t\t\t<div class=\"elementor-icon-box-content\">\n\n\t\t\t\t\t\t\t\t\t<h3 class=\"elementor-icon-box-title\">\n\t\t\t\t\t\t<span  >\n\t\t\t\t\t\t\tInterpretacio\u0301n \t\t\t\t\t\t<\/span>\n\t\t\t\t\t<\/h3>\n\t\t\t\t\n\t\t\t\t\t\t\t\t\t<p class=\"elementor-icon-box-description\">\n\t\t\t\t\t\tOfrecemos <strong>  servicios profesionales de interpretaci\u00f3n <\/strong> Ofrecemos servicios profesionales de interpretaci\u00f3n para\nacompa\u00f1ar a los clientes en vistas judiciales, comisar\u00edas, oficinas de inmigraci\u00f3n y\nayuntamientos, garantizando que comprendan plenamente cada etapa del proceso legal o\nadministrativo. Nuestro equipo multiling\u00fce cuenta con experiencia en entornos legales e\ninstitucionales, ayudando a superar las barreras ling\u00fc\u00edsticas para que los procedimientos\nsean m\u00e1s \u00e1giles y sin estr\u00e9s.\t\t\t\t\t<\/p>\n\t\t\t\t\n\t\t\t<\/div>\n\t\t\t\n\t\t<\/div>\n\t\t\t\t\t\t<\/div>\n\t\t\t\t<\/div>\n\t\t<div class=\"elementor-element elementor-element-0762bbd e-con-full services-clm e-flex wpr-particle-no wpr-jarallax-no wpr-parallax-no wpr-sticky-section-no e-con e-child\" data-id=\"0762bbd\" data-element_type=\"container\" data-e-type=\"container\" data-settings=\"{&quot;background_background&quot;:&quot;classic&quot;}\">\n\t\t\t\t<div class=\"elementor-element elementor-element-7283c66 elementor-widget elementor-widget-image\" data-id=\"7283c66\" data-element_type=\"widget\" data-e-type=\"widget\" data-widget_type=\"image.default\">\n\t\t\t\t\t\t\t\t\t\t\t\t\t\t\t<img decoding=\"async\" width=\"50\" height=\"49\" src=\"https:\/\/yodhalegal.es\/wp-content\/uploads\/2025\/08\/Translations.png\" class=\"attachment-large size-large wp-image-2259\" alt=\"Translations Icon\" style=\"width:100%;height:98%;max-width:50px\" \/>\t\t\t\t\t\t\t\t\t\t\t\t\t\t\t<\/div>\n\t\t\t\t<div class=\"elementor-element elementor-element-198bbe6 elementor-widget elementor-widget-icon-box\" data-id=\"198bbe6\" data-element_type=\"widget\" data-e-type=\"widget\" data-widget_type=\"icon-box.default\">\n\t\t\t\t\t\t\t<div class=\"elementor-icon-box-wrapper\">\n\n\t\t\t\n\t\t\t\t\t\t<div class=\"elementor-icon-box-content\">\n\n\t\t\t\t\t\t\t\t\t<h3 class=\"elementor-icon-box-title\">\n\t\t\t\t\t\t<span  >\n\t\t\t\t\t\t\tTraducciones\t\t\t\t\t\t<\/span>\n\t\t\t\t\t<\/h3>\n\t\t\t\t\n\t\t\t\t\t\t\t\t\t<p class=\"elementor-icon-box-description\">\n\t\t\t\t\t\tTambi\u00e9n ofrecemos <strong> traducciones certificadas <\/strong> de documentos oficiales (como certificados de nacimiento, certificados de matrimonio, contratos y resoluciones judiciales) que son aceptadas por las autoridades y consulados en Espa\u00f1a.\t\t\t\t\t<\/p>\n\t\t\t\t\n\t\t\t<\/div>\n\t\t\t\n\t\t<\/div>\n\t\t\t\t\t\t<\/div>\n\t\t\t\t<\/div>\n\t\t\t\t<\/div>\n\t\t\t\t\t<\/div>\n\t\t\t\t<\/div>\n\t\t<div class=\"elementor-element elementor-element-0cdf859 e-flex e-con-boxed wpr-particle-no wpr-jarallax-no wpr-parallax-no wpr-sticky-section-no e-con e-parent\" data-id=\"0cdf859\" data-element_type=\"container\" data-e-type=\"container\">\n\t\t\t\t\t<div class=\"e-con-inner\">\n\t\t\t\t\t<\/div>\n\t\t\t\t<\/div>\n\t\t\t\t<\/div>","protected":false},"excerpt":{"rendered":"<p>Interpretation &amp; Official Translations Interpretation We provide professional interpretation services to accompany clients to court hearings, police stations, immigration offices, and town halls (ayuntamiento)\u2026 ensuring they fully understand every step of the legal or administrative process. Our multilingual team is experienced in legal and institutional settings, helping bridge the language gap for smoother, stress-free procedures. Translations We also offer certified translations of official documents (such as birth certificates, marriage certificates, contracts, and court rulings) accepted by Spanish authorities and consulates.<\/p>","protected":false},"author":1,"featured_media":0,"parent":2098,"menu_order":0,"comment_status":"closed","ping_status":"closed","template":"elementor_header_footer","meta":{"footnotes":""},"class_list":["post-2311","page","type-page","status-publish","hentry","entry"],"yoast_head":"<!-- This site is optimized with the Yoast SEO plugin v26.9 - https:\/\/yoast.com\/product\/yoast-seo-wordpress\/ -->\n<title>Interpretation &amp; Official Translations - Yodha Legal<\/title>\n<meta name=\"description\" content=\"Yodha Legal provides certified translations and interpretation services in Spain, ensuring precision and trust for legal, immigration, and business cases.\" \/>\n<meta name=\"robots\" content=\"index, follow, max-snippet:-1, max-image-preview:large, max-video-preview:-1\" \/>\n<link rel=\"canonical\" href=\"https:\/\/yodhalegal.es\/es\/services\/interpretation-official-translations\/\" \/>\n<meta property=\"og:locale\" content=\"es_ES\" \/>\n<meta property=\"og:type\" content=\"article\" \/>\n<meta property=\"og:title\" content=\"Interpretation &amp; Official Translations - Yodha Legal\" \/>\n<meta property=\"og:description\" content=\"Yodha Legal provides certified translations and interpretation services in Spain, ensuring precision and trust for legal, immigration, and business cases.\" \/>\n<meta property=\"og:url\" content=\"https:\/\/yodhalegal.es\/es\/services\/interpretation-official-translations\/\" \/>\n<meta property=\"og:site_name\" content=\"Yodha Legal\" \/>\n<meta property=\"article:modified_time\" content=\"2026-02-09T14:14:30+00:00\" \/>\n<meta property=\"og:image\" content=\"https:\/\/yodhalegal.es\/wp-content\/uploads\/2025\/07\/chat-icon.png\" \/>\n\t<meta property=\"og:image:width\" content=\"44\" \/>\n\t<meta property=\"og:image:height\" content=\"40\" \/>\n\t<meta property=\"og:image:type\" content=\"image\/png\" \/>\n<meta name=\"twitter:card\" content=\"summary_large_image\" \/>\n<meta name=\"twitter:label1\" content=\"Tiempo de lectura\" \/>\n\t<meta name=\"twitter:data1\" content=\"1 minuto\" \/>\n<script type=\"application\/ld+json\" class=\"yoast-schema-graph\">{\"@context\":\"https:\/\/schema.org\",\"@graph\":[{\"@type\":\"WebPage\",\"@id\":\"https:\/\/yodhalegal.es\/services\/interpretation-official-translations\/\",\"url\":\"https:\/\/yodhalegal.es\/services\/interpretation-official-translations\/\",\"name\":\"Interpretation &amp; Official Translations - Yodha Legal\",\"isPartOf\":{\"@id\":\"https:\/\/yodhalegal.es\/#website\"},\"primaryImageOfPage\":{\"@id\":\"https:\/\/yodhalegal.es\/services\/interpretation-official-translations\/#primaryimage\"},\"image\":{\"@id\":\"https:\/\/yodhalegal.es\/services\/interpretation-official-translations\/#primaryimage\"},\"thumbnailUrl\":\"https:\/\/yodhalegal.es\/wp-content\/uploads\/2025\/07\/chat-icon.png\",\"datePublished\":\"2025-08-04T11:19:15+00:00\",\"dateModified\":\"2026-02-09T14:14:30+00:00\",\"description\":\"Yodha Legal provides certified translations and interpretation services in Spain, ensuring precision and trust for legal, immigration, and business cases.\",\"breadcrumb\":{\"@id\":\"https:\/\/yodhalegal.es\/services\/interpretation-official-translations\/#breadcrumb\"},\"inLanguage\":\"es\",\"potentialAction\":[{\"@type\":\"ReadAction\",\"target\":[\"https:\/\/yodhalegal.es\/services\/interpretation-official-translations\/\"]}]},{\"@type\":\"ImageObject\",\"inLanguage\":\"es\",\"@id\":\"https:\/\/yodhalegal.es\/services\/interpretation-official-translations\/#primaryimage\",\"url\":\"https:\/\/yodhalegal.es\/wp-content\/uploads\/2025\/07\/chat-icon.png\",\"contentUrl\":\"https:\/\/yodhalegal.es\/wp-content\/uploads\/2025\/07\/chat-icon.png\"},{\"@type\":\"BreadcrumbList\",\"@id\":\"https:\/\/yodhalegal.es\/services\/interpretation-official-translations\/#breadcrumb\",\"itemListElement\":[{\"@type\":\"ListItem\",\"position\":1,\"name\":\"Home\",\"item\":\"https:\/\/yodhalegal.es\/\"},{\"@type\":\"ListItem\",\"position\":2,\"name\":\"Services\",\"item\":\"https:\/\/yodhalegal.es\/services\/\"},{\"@type\":\"ListItem\",\"position\":3,\"name\":\"Interpretation &amp; Official Translations\"}]},{\"@type\":\"WebSite\",\"@id\":\"https:\/\/yodhalegal.es\/#website\",\"url\":\"https:\/\/yodhalegal.es\/\",\"name\":\"Yodha Legal\",\"description\":\"\",\"publisher\":{\"@id\":\"https:\/\/yodhalegal.es\/#organization\"},\"potentialAction\":[{\"@type\":\"SearchAction\",\"target\":{\"@type\":\"EntryPoint\",\"urlTemplate\":\"https:\/\/yodhalegal.es\/?s={search_term_string}\"},\"query-input\":{\"@type\":\"PropertyValueSpecification\",\"valueRequired\":true,\"valueName\":\"search_term_string\"}}],\"inLanguage\":\"es\"},{\"@type\":\"Organization\",\"@id\":\"https:\/\/yodhalegal.es\/#organization\",\"name\":\"Yodha Legal\",\"url\":\"https:\/\/yodhalegal.es\/\",\"logo\":{\"@type\":\"ImageObject\",\"inLanguage\":\"es\",\"@id\":\"https:\/\/yodhalegal.es\/#\/schema\/logo\/image\/\",\"url\":\"https:\/\/yodhalegal.es\/wp-content\/uploads\/2025\/07\/Group-223.png\",\"contentUrl\":\"https:\/\/yodhalegal.es\/wp-content\/uploads\/2025\/07\/Group-223.png\",\"width\":227,\"height\":48,\"caption\":\"Yodha Legal\"},\"image\":{\"@id\":\"https:\/\/yodhalegal.es\/#\/schema\/logo\/image\/\"}}]}<\/script>\n<!-- \/ Yoast SEO plugin. -->","yoast_head_json":{"title":"Interpretation &amp; Official Translations - Yodha Legal","description":"Yodha Legal provides certified translations and interpretation services in Spain, ensuring precision and trust for legal, immigration, and business cases.","robots":{"index":"index","follow":"follow","max-snippet":"max-snippet:-1","max-image-preview":"max-image-preview:large","max-video-preview":"max-video-preview:-1"},"canonical":"https:\/\/yodhalegal.es\/es\/services\/interpretation-official-translations\/","og_locale":"es_ES","og_type":"article","og_title":"Interpretation &amp; Official Translations - Yodha Legal","og_description":"Yodha Legal provides certified translations and interpretation services in Spain, ensuring precision and trust for legal, immigration, and business cases.","og_url":"https:\/\/yodhalegal.es\/es\/services\/interpretation-official-translations\/","og_site_name":"Yodha Legal","article_modified_time":"2026-02-09T14:14:30+00:00","og_image":[{"width":44,"height":40,"url":"https:\/\/yodhalegal.es\/wp-content\/uploads\/2025\/07\/chat-icon.png","type":"image\/png"}],"twitter_card":"summary_large_image","twitter_misc":{"Tiempo de lectura":"1 minuto"},"schema":{"@context":"https:\/\/schema.org","@graph":[{"@type":"WebPage","@id":"https:\/\/yodhalegal.es\/services\/interpretation-official-translations\/","url":"https:\/\/yodhalegal.es\/services\/interpretation-official-translations\/","name":"Interpretation &amp; Official Translations - Yodha Legal","isPartOf":{"@id":"https:\/\/yodhalegal.es\/#website"},"primaryImageOfPage":{"@id":"https:\/\/yodhalegal.es\/services\/interpretation-official-translations\/#primaryimage"},"image":{"@id":"https:\/\/yodhalegal.es\/services\/interpretation-official-translations\/#primaryimage"},"thumbnailUrl":"https:\/\/yodhalegal.es\/wp-content\/uploads\/2025\/07\/chat-icon.png","datePublished":"2025-08-04T11:19:15+00:00","dateModified":"2026-02-09T14:14:30+00:00","description":"Yodha Legal provides certified translations and interpretation services in Spain, ensuring precision and trust for legal, immigration, and business cases.","breadcrumb":{"@id":"https:\/\/yodhalegal.es\/services\/interpretation-official-translations\/#breadcrumb"},"inLanguage":"es","potentialAction":[{"@type":"ReadAction","target":["https:\/\/yodhalegal.es\/services\/interpretation-official-translations\/"]}]},{"@type":"ImageObject","inLanguage":"es","@id":"https:\/\/yodhalegal.es\/services\/interpretation-official-translations\/#primaryimage","url":"https:\/\/yodhalegal.es\/wp-content\/uploads\/2025\/07\/chat-icon.png","contentUrl":"https:\/\/yodhalegal.es\/wp-content\/uploads\/2025\/07\/chat-icon.png"},{"@type":"BreadcrumbList","@id":"https:\/\/yodhalegal.es\/services\/interpretation-official-translations\/#breadcrumb","itemListElement":[{"@type":"ListItem","position":1,"name":"Home","item":"https:\/\/yodhalegal.es\/"},{"@type":"ListItem","position":2,"name":"Services","item":"https:\/\/yodhalegal.es\/services\/"},{"@type":"ListItem","position":3,"name":"Interpretation &amp; Official Translations"}]},{"@type":"WebSite","@id":"https:\/\/yodhalegal.es\/#website","url":"https:\/\/yodhalegal.es\/","name":"Yodha Legal","description":"","publisher":{"@id":"https:\/\/yodhalegal.es\/#organization"},"potentialAction":[{"@type":"SearchAction","target":{"@type":"EntryPoint","urlTemplate":"https:\/\/yodhalegal.es\/?s={search_term_string}"},"query-input":{"@type":"PropertyValueSpecification","valueRequired":true,"valueName":"search_term_string"}}],"inLanguage":"es"},{"@type":"Organization","@id":"https:\/\/yodhalegal.es\/#organization","name":"Yodha Legal","url":"https:\/\/yodhalegal.es\/","logo":{"@type":"ImageObject","inLanguage":"es","@id":"https:\/\/yodhalegal.es\/#\/schema\/logo\/image\/","url":"https:\/\/yodhalegal.es\/wp-content\/uploads\/2025\/07\/Group-223.png","contentUrl":"https:\/\/yodhalegal.es\/wp-content\/uploads\/2025\/07\/Group-223.png","width":227,"height":48,"caption":"Yodha Legal"},"image":{"@id":"https:\/\/yodhalegal.es\/#\/schema\/logo\/image\/"}}]}},"acf":[],"_links":{"self":[{"href":"https:\/\/yodhalegal.es\/es\/wp-json\/wp\/v2\/pages\/2311","targetHints":{"allow":["GET"]}}],"collection":[{"href":"https:\/\/yodhalegal.es\/es\/wp-json\/wp\/v2\/pages"}],"about":[{"href":"https:\/\/yodhalegal.es\/es\/wp-json\/wp\/v2\/types\/page"}],"author":[{"embeddable":true,"href":"https:\/\/yodhalegal.es\/es\/wp-json\/wp\/v2\/users\/1"}],"replies":[{"embeddable":true,"href":"https:\/\/yodhalegal.es\/es\/wp-json\/wp\/v2\/comments?post=2311"}],"version-history":[{"count":49,"href":"https:\/\/yodhalegal.es\/es\/wp-json\/wp\/v2\/pages\/2311\/revisions"}],"predecessor-version":[{"id":3811,"href":"https:\/\/yodhalegal.es\/es\/wp-json\/wp\/v2\/pages\/2311\/revisions\/3811"}],"up":[{"embeddable":true,"href":"https:\/\/yodhalegal.es\/es\/wp-json\/wp\/v2\/pages\/2098"}],"wp:attachment":[{"href":"https:\/\/yodhalegal.es\/es\/wp-json\/wp\/v2\/media?parent=2311"}],"curies":[{"name":"wp","href":"https:\/\/api.w.org\/{rel}","templated":true}]}}