{"id":2098,"date":"2025-07-26T10:01:24","date_gmt":"2025-07-26T10:01:24","guid":{"rendered":"https:\/\/yodhalegal.es\/?page_id=2098"},"modified":"2026-02-09T12:04:49","modified_gmt":"2026-02-09T12:04:49","slug":"services","status":"publish","type":"page","link":"https:\/\/yodhalegal.es\/es\/services\/","title":{"rendered":"Servicios"},"content":{"rendered":"<div data-elementor-type=\"wp-page\" data-elementor-id=\"2098\" class=\"elementor elementor-2098\" data-elementor-post-type=\"page\">\n\t\t\t\t<div class=\"elementor-element elementor-element-5149065 e-flex e-con-boxed wpr-particle-no wpr-jarallax-no wpr-parallax-no wpr-sticky-section-no e-con e-parent\" data-id=\"5149065\" data-element_type=\"container\" data-e-type=\"container\" data-settings=\"{&quot;background_background&quot;:&quot;classic&quot;}\">\n\t\t\t\t\t<div class=\"e-con-inner\">\n\t\t<div class=\"elementor-element elementor-element-855cd65 e-con-full e-flex wpr-particle-no wpr-jarallax-no wpr-parallax-no wpr-sticky-section-no e-con e-child\" data-id=\"855cd65\" data-element_type=\"container\" data-e-type=\"container\">\n\t\t\t\t<div class=\"elementor-element elementor-element-e5516a6 elementor-widget elementor-widget-heading\" data-id=\"e5516a6\" data-element_type=\"widget\" data-e-type=\"widget\" data-widget_type=\"heading.default\">\n\t\t\t\t\t<h1 class=\"elementor-heading-title elementor-size-default\">Servicios<\/h1>\t\t\t\t<\/div>\n\t\t\t\t<\/div>\n\t\t\t\t\t<\/div>\n\t\t\t\t<\/div>\n\t\t<div class=\"elementor-element elementor-element-508da43 e-flex e-con-boxed wpr-particle-no wpr-jarallax-no wpr-parallax-no wpr-sticky-section-no e-con e-parent\" data-id=\"508da43\" data-element_type=\"container\" data-e-type=\"container\">\n\t\t\t\t\t<div class=\"e-con-inner\">\n\t\t<div class=\"elementor-element elementor-element-1368bd1 e-con-full e-flex wpr-particle-no wpr-jarallax-no wpr-parallax-no wpr-sticky-section-no e-con e-child\" data-id=\"1368bd1\" data-element_type=\"container\" data-e-type=\"container\">\n\t\t<div class=\"elementor-element elementor-element-bd580d1 e-con-full services-clm e-flex wpr-particle-no wpr-jarallax-no wpr-parallax-no wpr-sticky-section-no e-con e-child\" data-id=\"bd580d1\" data-element_type=\"container\" data-e-type=\"container\" data-settings=\"{&quot;background_background&quot;:&quot;classic&quot;}\">\n\t\t\t\t<div class=\"elementor-element elementor-element-5e7df1e elementor-widget elementor-widget-image\" data-id=\"5e7df1e\" data-element_type=\"widget\" data-e-type=\"widget\" data-widget_type=\"image.default\">\n\t\t\t\t\t\t\t\t\t\t\t\t\t\t\t<img decoding=\"async\" width=\"34\" height=\"46\" src=\"https:\/\/yodhalegal.es\/wp-content\/uploads\/2025\/07\/Immigration.png\" class=\"attachment-large size-large wp-image-87\" alt=\"Passport icon\" style=\"width:100%;height:135.29%;max-width:34px\" \/>\t\t\t\t\t\t\t\t\t\t\t\t\t\t\t<\/div>\n\t\t\t\t<div class=\"elementor-element elementor-element-eb4dfe1 elementor-widget elementor-widget-icon-box\" data-id=\"eb4dfe1\" data-element_type=\"widget\" data-e-type=\"widget\" data-widget_type=\"icon-box.default\">\n\t\t\t\t\t\t\t<div class=\"elementor-icon-box-wrapper\">\n\n\t\t\t\n\t\t\t\t\t\t<div class=\"elementor-icon-box-content\">\n\n\t\t\t\t\t\t\t\t\t<h3 class=\"elementor-icon-box-title\">\n\t\t\t\t\t\t<span  >\n\t\t\t\t\t\t\tExtranjer\u00eda\t\t\t\t\t\t<\/span>\n\t\t\t\t\t<\/h3>\n\t\t\t\t\n\t\t\t\t\t\t\t\t\t<p class=\"elementor-icon-box-description\">\n\t\t\t\t\t\tTe guiaremos durante todo el proceso de inmigraci\u00f3n, tanto si eres ciudadano de la UE como si no lo eres. Desde la obtenci\u00f3n de permisos de residencia (NIE) hasta conseguir el visado adecuado, nuestro equipo ofrece apoyo claro para que puedas establecerte en Espa\u00f1a de forma legal y con total confianza. \t\t\t\t\t<\/p>\n\t\t\t\t\n\t\t\t<\/div>\n\t\t\t\n\t\t<\/div>\n\t\t\t\t\t\t<\/div>\n\t\t\t\t<div class=\"elementor-element elementor-element-734b5b8 elementor-widget__width-inherit more-info-button elementor-align-justify elementor-widget elementor-widget-button\" data-id=\"734b5b8\" data-element_type=\"widget\" data-e-type=\"widget\" data-widget_type=\"button.default\">\n\t\t\t\t\t\t\t\t\t\t<a class=\"elementor-button elementor-button-link elementor-size-sm\" href=\"https:\/\/yodhalegal.es\/es\/services\/immigration\/\" id=\"info-button\">\n\t\t\t\t\t\t<span class=\"elementor-button-content-wrapper\">\n\t\t\t\t\t\t\t\t\t<span class=\"elementor-button-text\">M\u00e1s informaci\u00f3n<\/span>\n\t\t\t\t\t<\/span>\n\t\t\t\t\t<\/a>\n\t\t\t\t\t\t\t\t<\/div>\n\t\t\t\t<\/div>\n\t\t<div class=\"elementor-element elementor-element-be6d4a1 e-con-full services-clm e-flex wpr-particle-no wpr-jarallax-no wpr-parallax-no wpr-sticky-section-no e-con e-child\" data-id=\"be6d4a1\" data-element_type=\"container\" data-e-type=\"container\" data-settings=\"{&quot;background_background&quot;:&quot;classic&quot;}\">\n\t\t\t\t<div class=\"elementor-element elementor-element-c8f9492 elementor-widget elementor-widget-image\" data-id=\"c8f9492\" data-element_type=\"widget\" data-e-type=\"widget\" data-widget_type=\"image.default\">\n\t\t\t\t\t\t\t\t\t\t\t\t\t\t\t<img decoding=\"async\" width=\"50\" height=\"49\" src=\"https:\/\/yodhalegal.es\/wp-content\/uploads\/2025\/07\/legal.png\" class=\"attachment-large size-large wp-image-98\" alt=\"Legal icon\" style=\"width:100%;height:98%;max-width:50px\" \/>\t\t\t\t\t\t\t\t\t\t\t\t\t\t\t<\/div>\n\t\t\t\t<div class=\"elementor-element elementor-element-6e96b03 elementor-widget elementor-widget-icon-box\" data-id=\"6e96b03\" data-element_type=\"widget\" data-e-type=\"widget\" data-widget_type=\"icon-box.default\">\n\t\t\t\t\t\t\t<div class=\"elementor-icon-box-wrapper\">\n\n\t\t\t\n\t\t\t\t\t\t<div class=\"elementor-icon-box-content\">\n\n\t\t\t\t\t\t\t\t\t<h3 class=\"elementor-icon-box-title\">\n\t\t\t\t\t\t<span  >\n\t\t\t\t\t\t\tLegal\t\t\t\t\t\t<\/span>\n\t\t\t\t\t<\/h3>\n\t\t\t\t\n\t\t\t\t\t\t\t\t\t<p class=\"elementor-icon-box-description\">\n\t\t\t\t\t\tOfrecemos asistencia legal clara y accesible en Derecho Civil y Penal. Nuestro equipo te acompa\u00f1ar\u00e1 en cada paso de tu caso, ya sea en reclamaciones de deudas, accidentes, disputas contractuales, asuntos de familia o defensa en un procedimiento penal, entre otros.  \t\t\t\t\t<\/p>\n\t\t\t\t\n\t\t\t<\/div>\n\t\t\t\n\t\t<\/div>\n\t\t\t\t\t\t<\/div>\n\t\t\t\t<div class=\"elementor-element elementor-element-25a7ad0 elementor-widget__width-inherit more-info-button elementor-align-justify elementor-widget elementor-widget-button\" data-id=\"25a7ad0\" data-element_type=\"widget\" data-e-type=\"widget\" data-widget_type=\"button.default\">\n\t\t\t\t\t\t\t\t\t\t<a class=\"elementor-button elementor-button-link elementor-size-sm\" href=\"https:\/\/yodhalegal.es\/es\/services\/legal\/\" id=\"info-button\">\n\t\t\t\t\t\t<span class=\"elementor-button-content-wrapper\">\n\t\t\t\t\t\t\t\t\t<span class=\"elementor-button-text\">M\u00e1s informaci\u00f3n<\/span>\n\t\t\t\t\t<\/span>\n\t\t\t\t\t<\/a>\n\t\t\t\t\t\t\t\t<\/div>\n\t\t\t\t<\/div>\n\t\t\t\t<\/div>\n\t\t<div class=\"elementor-element elementor-element-2728377 e-con-full e-flex wpr-particle-no wpr-jarallax-no wpr-parallax-no wpr-sticky-section-no e-con e-child\" data-id=\"2728377\" data-element_type=\"container\" data-e-type=\"container\">\n\t\t<div class=\"elementor-element elementor-element-e689356 e-con-full services-clm e-flex wpr-particle-no wpr-jarallax-no wpr-parallax-no wpr-sticky-section-no e-con e-child\" data-id=\"e689356\" data-element_type=\"container\" data-e-type=\"container\" data-settings=\"{&quot;background_background&quot;:&quot;classic&quot;}\">\n\t\t\t\t<div class=\"elementor-element elementor-element-a93d06d elementor-widget elementor-widget-image\" data-id=\"a93d06d\" data-element_type=\"widget\" data-e-type=\"widget\" data-widget_type=\"image.default\">\n\t\t\t\t\t\t\t\t\t\t\t\t\t\t\t<img decoding=\"async\" width=\"50\" height=\"50\" src=\"https:\/\/yodhalegal.es\/wp-content\/uploads\/2025\/07\/Interpretation.png\" class=\"attachment-large size-large wp-image-117\" alt=\"Briefcase icon\" style=\"width:100%;height:100%;max-width:50px\" \/>\t\t\t\t\t\t\t\t\t\t\t\t\t\t\t<\/div>\n\t\t\t\t<div class=\"elementor-element elementor-element-4de9180 elementor-widget elementor-widget-icon-box\" data-id=\"4de9180\" data-element_type=\"widget\" data-e-type=\"widget\" data-widget_type=\"icon-box.default\">\n\t\t\t\t\t\t\t<div class=\"elementor-icon-box-wrapper\">\n\n\t\t\t\n\t\t\t\t\t\t<div class=\"elementor-icon-box-content\">\n\n\t\t\t\t\t\t\t\t\t<h3 class=\"elementor-icon-box-title\">\n\t\t\t\t\t\t<span  >\n\t\t\t\t\t\t\tEmpresarial\t\t\t\t\t\t<\/span>\n\t\t\t\t\t<\/h3>\n\t\t\t\t\n\t\t\t\t\t\t\t\t\t<p class=\"elementor-icon-box-description\">\n\t\t\t\t\t\tPodemos ayudarte con la constituci\u00f3n de empresas (SL\/Aut\u00f3nomos), redacci\u00f3n de acuerdos entre socios, planes de negocio y registro de marcas. Tambi\u00e9n nos encargamos de la presentaci\u00f3n de impuestos, contabilidad, y preparaci\u00f3n de contratos laborales para que tu empresa cumpla plenamente con la normativa. \t\t\t\t\t<\/p>\n\t\t\t\t\n\t\t\t<\/div>\n\t\t\t\n\t\t<\/div>\n\t\t\t\t\t\t<\/div>\n\t\t\t\t<div class=\"elementor-element elementor-element-9c914cf elementor-widget__width-inherit more-info-button elementor-align-justify elementor-widget elementor-widget-button\" data-id=\"9c914cf\" data-element_type=\"widget\" data-e-type=\"widget\" data-widget_type=\"button.default\">\n\t\t\t\t\t\t\t\t\t\t<a class=\"elementor-button elementor-button-link elementor-size-sm\" href=\"https:\/\/yodhalegal.es\/es\/services\/business\/\" id=\"info-button\">\n\t\t\t\t\t\t<span class=\"elementor-button-content-wrapper\">\n\t\t\t\t\t\t\t\t\t<span class=\"elementor-button-text\">M\u00e1s informaci\u00f3n<\/span>\n\t\t\t\t\t<\/span>\n\t\t\t\t\t<\/a>\n\t\t\t\t\t\t\t\t<\/div>\n\t\t\t\t<\/div>\n\t\t<div class=\"elementor-element elementor-element-3bd49e3 e-con-full services-clm e-flex wpr-particle-no wpr-jarallax-no wpr-parallax-no wpr-sticky-section-no e-con e-child\" data-id=\"3bd49e3\" data-element_type=\"container\" data-e-type=\"container\" data-settings=\"{&quot;background_background&quot;:&quot;classic&quot;}\">\n\t\t\t\t<div class=\"elementor-element elementor-element-c2b4618 elementor-widget elementor-widget-image\" data-id=\"c2b4618\" data-element_type=\"widget\" data-e-type=\"widget\" data-widget_type=\"image.default\">\n\t\t\t\t\t\t\t\t\t\t\t\t\t\t\t<img loading=\"lazy\" decoding=\"async\" width=\"46\" height=\"40\" src=\"https:\/\/yodhalegal.es\/wp-content\/uploads\/2025\/07\/business.png\" class=\"attachment-large size-large wp-image-105\" alt=\"Briefcase icon\" style=\"width:100%;height:86.96%;max-width:46px\" \/>\t\t\t\t\t\t\t\t\t\t\t\t\t\t\t<\/div>\n\t\t\t\t<div class=\"elementor-element elementor-element-a72890b elementor-widget elementor-widget-icon-box\" data-id=\"a72890b\" data-element_type=\"widget\" data-e-type=\"widget\" data-widget_type=\"icon-box.default\">\n\t\t\t\t\t\t\t<div class=\"elementor-icon-box-wrapper\">\n\n\t\t\t\n\t\t\t\t\t\t<div class=\"elementor-icon-box-content\">\n\n\t\t\t\t\t\t\t\t\t<h3 class=\"elementor-icon-box-title\">\n\t\t\t\t\t\t<span  >\n\t\t\t\t\t\t\tInterpretaci\u00f3n y traducciones oficiales\t\t\t\t\t\t<\/span>\n\t\t\t\t\t<\/h3>\n\t\t\t\t\n\t\t\t\t\t\t\t\t\t<p class=\"elementor-icon-box-description\">\n\t\t\t\t\t\tOfrecemos servicios profesionales de interpretaci\u00f3n para acompa\u00f1arte a comisar\u00edas, oficinas de extranjer\u00eda o ayuntamientos, asegur\u00e1ndonos de que comprendas cada paso del proceso legal o administrativo. \n\n\n<br>Tambi\u00e9n realizamos traducciones juradas de documentos oficiales (como certificados de nacimiento, matrimonio, contratos o sentencias) aceptadas por autoridades y consulados en Espa\u00f1a.\t\t\t\t\t<\/p>\n\t\t\t\t\n\t\t\t<\/div>\n\t\t\t\n\t\t<\/div>\n\t\t\t\t\t\t<\/div>\n\t\t\t\t<div class=\"elementor-element elementor-element-0ac36cd elementor-widget__width-inherit more-info-button elementor-align-justify elementor-widget elementor-widget-button\" data-id=\"0ac36cd\" data-element_type=\"widget\" data-e-type=\"widget\" data-widget_type=\"button.default\">\n\t\t\t\t\t\t\t\t\t\t<a class=\"elementor-button elementor-button-link elementor-size-sm\" href=\"https:\/\/yodhalegal.es\/es\/services\/interpretation-official-translations\/\" id=\"info-button\">\n\t\t\t\t\t\t<span class=\"elementor-button-content-wrapper\">\n\t\t\t\t\t\t\t\t\t<span class=\"elementor-button-text\">M\u00e1s informaci\u00f3n<\/span>\n\t\t\t\t\t<\/span>\n\t\t\t\t\t<\/a>\n\t\t\t\t\t\t\t\t<\/div>\n\t\t\t\t<\/div>\n\t\t\t\t<\/div>\n\t\t<div class=\"elementor-element elementor-element-43ceebe e-con-full e-flex wpr-particle-no wpr-jarallax-no wpr-parallax-no wpr-sticky-section-no e-con e-child\" data-id=\"43ceebe\" data-element_type=\"container\" data-e-type=\"container\">\n\t\t\t\t<\/div>\n\t\t\t\t\t<\/div>\n\t\t\t\t<\/div>\n\t\t\t\t<\/div>","protected":false},"excerpt":{"rendered":"<p>Services Immigration We\u2019ll guide you through the entire immigration process, whether you&#8217;re an EU or non-EU citizen. From obtaining residence permits to securing the right visa, our team provides clear, step-by-step support to help you settle in Spain legally and confidently. More Info Legal We offer clear and accessible legal assistance in Civil and Criminal Law (CVI). Our team will guide you through every step of your case-whether you&#8217;re dealing with a debt claim, accidents, contract dispute, family matter need defence in a criminal proceeding etc. More Info Business We can help you with the formation of companies (SLs\/LLCs), drafting of shareholder agreements, business plans, and trademark registration. Our team also handles tax filings, accounting, and the preparation of employment contracts to keep your business fully compliant with Spanish regulations. More Info Interpretation &amp; Official Translations We provide professional interpretation services to accompany clients to court hearings, police stations, immigration offices, and town halls (ayuntamiento)\u2026 ensuring they fully understand every step of the legal or administrative process. We also offer certified translations of Official documents (such as birth certificates, marriage certificates, contracts, and court rulings) accepted by Spanish authorities and consulates. More Info<\/p>","protected":false},"author":1,"featured_media":0,"parent":0,"menu_order":0,"comment_status":"closed","ping_status":"closed","template":"elementor_header_footer","meta":{"footnotes":""},"class_list":["post-2098","page","type-page","status-publish","hentry","entry"],"yoast_head":"<!-- This site is optimized with the Yoast SEO plugin v26.9 - https:\/\/yoast.com\/product\/yoast-seo-wordpress\/ -->\n<title>Trusted Legal &amp; Immigration Services in Spain | Yodha Legal<\/title>\n<meta name=\"description\" content=\"Yodha Legal offers a wide range of services in Spain, from immigration and business law to official translations and interpretation. Contact us today.\" \/>\n<meta name=\"robots\" content=\"index, follow, max-snippet:-1, max-image-preview:large, max-video-preview:-1\" \/>\n<link rel=\"canonical\" href=\"https:\/\/yodhalegal.es\/es\/services\/\" \/>\n<meta property=\"og:locale\" content=\"es_ES\" \/>\n<meta property=\"og:type\" content=\"article\" \/>\n<meta property=\"og:title\" content=\"Trusted Legal &amp; Immigration Services in Spain | Yodha Legal\" \/>\n<meta property=\"og:description\" content=\"Yodha Legal offers a wide range of services in Spain, from immigration and business law to official translations and interpretation. Contact us today.\" \/>\n<meta property=\"og:url\" content=\"https:\/\/yodhalegal.es\/es\/services\/\" \/>\n<meta property=\"og:site_name\" content=\"Yodha Legal\" \/>\n<meta property=\"article:modified_time\" content=\"2026-02-09T12:04:49+00:00\" \/>\n<meta property=\"og:image\" content=\"https:\/\/yodhalegal.es\/wp-content\/uploads\/2025\/07\/Immigration.png\" \/>\n\t<meta property=\"og:image:width\" content=\"34\" \/>\n\t<meta property=\"og:image:height\" content=\"46\" \/>\n\t<meta property=\"og:image:type\" content=\"image\/png\" \/>\n<meta name=\"twitter:card\" content=\"summary_large_image\" \/>\n<meta name=\"twitter:label1\" content=\"Tiempo de lectura\" \/>\n\t<meta name=\"twitter:data1\" content=\"1 minuto\" \/>\n<script type=\"application\/ld+json\" class=\"yoast-schema-graph\">{\"@context\":\"https:\/\/schema.org\",\"@graph\":[{\"@type\":\"WebPage\",\"@id\":\"https:\/\/yodhalegal.es\/services\/\",\"url\":\"https:\/\/yodhalegal.es\/services\/\",\"name\":\"Trusted Legal & Immigration Services in Spain | Yodha Legal\",\"isPartOf\":{\"@id\":\"https:\/\/yodhalegal.es\/#website\"},\"primaryImageOfPage\":{\"@id\":\"https:\/\/yodhalegal.es\/services\/#primaryimage\"},\"image\":{\"@id\":\"https:\/\/yodhalegal.es\/services\/#primaryimage\"},\"thumbnailUrl\":\"https:\/\/yodhalegal.es\/wp-content\/uploads\/2025\/07\/Immigration.png\",\"datePublished\":\"2025-07-26T10:01:24+00:00\",\"dateModified\":\"2026-02-09T12:04:49+00:00\",\"description\":\"Yodha Legal offers a wide range of services in Spain, from immigration and business law to official translations and interpretation. Contact us today.\",\"breadcrumb\":{\"@id\":\"https:\/\/yodhalegal.es\/services\/#breadcrumb\"},\"inLanguage\":\"es\",\"potentialAction\":[{\"@type\":\"ReadAction\",\"target\":[\"https:\/\/yodhalegal.es\/services\/\"]}]},{\"@type\":\"ImageObject\",\"inLanguage\":\"es\",\"@id\":\"https:\/\/yodhalegal.es\/services\/#primaryimage\",\"url\":\"https:\/\/yodhalegal.es\/wp-content\/uploads\/2025\/07\/Immigration.png\",\"contentUrl\":\"https:\/\/yodhalegal.es\/wp-content\/uploads\/2025\/07\/Immigration.png\"},{\"@type\":\"BreadcrumbList\",\"@id\":\"https:\/\/yodhalegal.es\/services\/#breadcrumb\",\"itemListElement\":[{\"@type\":\"ListItem\",\"position\":1,\"name\":\"Home\",\"item\":\"https:\/\/yodhalegal.es\/\"},{\"@type\":\"ListItem\",\"position\":2,\"name\":\"Services\"}]},{\"@type\":\"WebSite\",\"@id\":\"https:\/\/yodhalegal.es\/#website\",\"url\":\"https:\/\/yodhalegal.es\/\",\"name\":\"Yodha Legal\",\"description\":\"\",\"publisher\":{\"@id\":\"https:\/\/yodhalegal.es\/#organization\"},\"potentialAction\":[{\"@type\":\"SearchAction\",\"target\":{\"@type\":\"EntryPoint\",\"urlTemplate\":\"https:\/\/yodhalegal.es\/?s={search_term_string}\"},\"query-input\":{\"@type\":\"PropertyValueSpecification\",\"valueRequired\":true,\"valueName\":\"search_term_string\"}}],\"inLanguage\":\"es\"},{\"@type\":\"Organization\",\"@id\":\"https:\/\/yodhalegal.es\/#organization\",\"name\":\"Yodha Legal\",\"url\":\"https:\/\/yodhalegal.es\/\",\"logo\":{\"@type\":\"ImageObject\",\"inLanguage\":\"es\",\"@id\":\"https:\/\/yodhalegal.es\/#\/schema\/logo\/image\/\",\"url\":\"https:\/\/yodhalegal.es\/wp-content\/uploads\/2025\/07\/Group-223.png\",\"contentUrl\":\"https:\/\/yodhalegal.es\/wp-content\/uploads\/2025\/07\/Group-223.png\",\"width\":227,\"height\":48,\"caption\":\"Yodha Legal\"},\"image\":{\"@id\":\"https:\/\/yodhalegal.es\/#\/schema\/logo\/image\/\"}}]}<\/script>\n<!-- \/ Yoast SEO plugin. -->","yoast_head_json":{"title":"Trusted Legal & Immigration Services in Spain | Yodha Legal","description":"Yodha Legal offers a wide range of services in Spain, from immigration and business law to official translations and interpretation. Contact us today.","robots":{"index":"index","follow":"follow","max-snippet":"max-snippet:-1","max-image-preview":"max-image-preview:large","max-video-preview":"max-video-preview:-1"},"canonical":"https:\/\/yodhalegal.es\/es\/services\/","og_locale":"es_ES","og_type":"article","og_title":"Trusted Legal & Immigration Services in Spain | Yodha Legal","og_description":"Yodha Legal offers a wide range of services in Spain, from immigration and business law to official translations and interpretation. Contact us today.","og_url":"https:\/\/yodhalegal.es\/es\/services\/","og_site_name":"Yodha Legal","article_modified_time":"2026-02-09T12:04:49+00:00","og_image":[{"width":34,"height":46,"url":"https:\/\/yodhalegal.es\/wp-content\/uploads\/2025\/07\/Immigration.png","type":"image\/png"}],"twitter_card":"summary_large_image","twitter_misc":{"Tiempo de lectura":"1 minuto"},"schema":{"@context":"https:\/\/schema.org","@graph":[{"@type":"WebPage","@id":"https:\/\/yodhalegal.es\/services\/","url":"https:\/\/yodhalegal.es\/services\/","name":"Trusted Legal & Immigration Services in Spain | Yodha Legal","isPartOf":{"@id":"https:\/\/yodhalegal.es\/#website"},"primaryImageOfPage":{"@id":"https:\/\/yodhalegal.es\/services\/#primaryimage"},"image":{"@id":"https:\/\/yodhalegal.es\/services\/#primaryimage"},"thumbnailUrl":"https:\/\/yodhalegal.es\/wp-content\/uploads\/2025\/07\/Immigration.png","datePublished":"2025-07-26T10:01:24+00:00","dateModified":"2026-02-09T12:04:49+00:00","description":"Yodha Legal offers a wide range of services in Spain, from immigration and business law to official translations and interpretation. Contact us today.","breadcrumb":{"@id":"https:\/\/yodhalegal.es\/services\/#breadcrumb"},"inLanguage":"es","potentialAction":[{"@type":"ReadAction","target":["https:\/\/yodhalegal.es\/services\/"]}]},{"@type":"ImageObject","inLanguage":"es","@id":"https:\/\/yodhalegal.es\/services\/#primaryimage","url":"https:\/\/yodhalegal.es\/wp-content\/uploads\/2025\/07\/Immigration.png","contentUrl":"https:\/\/yodhalegal.es\/wp-content\/uploads\/2025\/07\/Immigration.png"},{"@type":"BreadcrumbList","@id":"https:\/\/yodhalegal.es\/services\/#breadcrumb","itemListElement":[{"@type":"ListItem","position":1,"name":"Home","item":"https:\/\/yodhalegal.es\/"},{"@type":"ListItem","position":2,"name":"Services"}]},{"@type":"WebSite","@id":"https:\/\/yodhalegal.es\/#website","url":"https:\/\/yodhalegal.es\/","name":"Yodha Legal","description":"","publisher":{"@id":"https:\/\/yodhalegal.es\/#organization"},"potentialAction":[{"@type":"SearchAction","target":{"@type":"EntryPoint","urlTemplate":"https:\/\/yodhalegal.es\/?s={search_term_string}"},"query-input":{"@type":"PropertyValueSpecification","valueRequired":true,"valueName":"search_term_string"}}],"inLanguage":"es"},{"@type":"Organization","@id":"https:\/\/yodhalegal.es\/#organization","name":"Yodha Legal","url":"https:\/\/yodhalegal.es\/","logo":{"@type":"ImageObject","inLanguage":"es","@id":"https:\/\/yodhalegal.es\/#\/schema\/logo\/image\/","url":"https:\/\/yodhalegal.es\/wp-content\/uploads\/2025\/07\/Group-223.png","contentUrl":"https:\/\/yodhalegal.es\/wp-content\/uploads\/2025\/07\/Group-223.png","width":227,"height":48,"caption":"Yodha Legal"},"image":{"@id":"https:\/\/yodhalegal.es\/#\/schema\/logo\/image\/"}}]}},"acf":[],"_links":{"self":[{"href":"https:\/\/yodhalegal.es\/es\/wp-json\/wp\/v2\/pages\/2098","targetHints":{"allow":["GET"]}}],"collection":[{"href":"https:\/\/yodhalegal.es\/es\/wp-json\/wp\/v2\/pages"}],"about":[{"href":"https:\/\/yodhalegal.es\/es\/wp-json\/wp\/v2\/types\/page"}],"author":[{"embeddable":true,"href":"https:\/\/yodhalegal.es\/es\/wp-json\/wp\/v2\/users\/1"}],"replies":[{"embeddable":true,"href":"https:\/\/yodhalegal.es\/es\/wp-json\/wp\/v2\/comments?post=2098"}],"version-history":[{"count":58,"href":"https:\/\/yodhalegal.es\/es\/wp-json\/wp\/v2\/pages\/2098\/revisions"}],"predecessor-version":[{"id":3784,"href":"https:\/\/yodhalegal.es\/es\/wp-json\/wp\/v2\/pages\/2098\/revisions\/3784"}],"wp:attachment":[{"href":"https:\/\/yodhalegal.es\/es\/wp-json\/wp\/v2\/media?parent=2098"}],"curies":[{"name":"wp","href":"https:\/\/api.w.org\/{rel}","templated":true}]}}