{"id":1807,"date":"2025-04-02T16:13:08","date_gmt":"2025-04-02T16:13:08","guid":{"rendered":"https:\/\/demosites.royal-elementor-addons.com\/yoga-v2\/?page_id=13"},"modified":"2026-02-07T13:12:18","modified_gmt":"2026-02-07T13:12:18","slug":"contact","status":"publish","type":"page","link":"https:\/\/yodhalegal.es\/es\/contact\/","title":{"rendered":"Contacto"},"content":{"rendered":"<div data-elementor-type=\"wp-page\" data-elementor-id=\"1807\" class=\"elementor elementor-1807\" data-elementor-post-type=\"page\">\n\t\t\t\t<div class=\"elementor-element elementor-element-5149065 e-flex e-con-boxed wpr-particle-no wpr-jarallax-no wpr-parallax-no wpr-sticky-section-no e-con e-parent\" data-id=\"5149065\" data-element_type=\"container\" data-e-type=\"container\" data-settings=\"{&quot;background_background&quot;:&quot;classic&quot;}\">\n\t\t\t\t\t<div class=\"e-con-inner\">\n\t\t<div class=\"elementor-element elementor-element-855cd65 e-con-full e-flex wpr-particle-no wpr-jarallax-no wpr-parallax-no wpr-sticky-section-no e-con e-child\" data-id=\"855cd65\" data-element_type=\"container\" data-e-type=\"container\">\n\t\t\t\t<div class=\"elementor-element elementor-element-e5516a6 elementor-widget elementor-widget-heading\" data-id=\"e5516a6\" data-element_type=\"widget\" data-e-type=\"widget\" data-widget_type=\"heading.default\">\n\t\t\t\t\t<h1 class=\"elementor-heading-title elementor-size-default\">Contacto<\/h1>\t\t\t\t<\/div>\n\t\t\t\t<\/div>\n\t\t\t\t\t<\/div>\n\t\t\t\t<\/div>\n\t\t<div class=\"elementor-element elementor-element-22a7983 yl-contact-page e-flex e-con-boxed wpr-particle-no wpr-jarallax-no wpr-parallax-no wpr-sticky-section-no e-con e-parent\" data-id=\"22a7983\" data-element_type=\"container\" data-e-type=\"container\" id=\"yl-contact-card\">\n\t\t\t\t\t<div class=\"e-con-inner\">\n\t\t\t\t<div class=\"elementor-element elementor-element-60a4264 yl-form-card yl-contact-card elementor-widget elementor-widget-html\" data-id=\"60a4264\" data-element_type=\"widget\" data-e-type=\"widget\" id=\"yl-contact-card\" data-widget_type=\"html.default\">\n\t\t\t\t\t<div class=\"yl-contact-page\">\n  <div class=\"yl-contact-wrap\">\n    \n    <!-- LEFT SIDE -->\n    <div class=\"yl-contact-left\">\n      <h2 class=\"yl-contact-heading\">Preg\u00fantanos cualquier cosa.<br\/>En cualquier momento.<\/h2>\n      <p class=\"yl-contact-desc\">\n        Nuestro equipo le brindar\u00e1 la soluci\u00f3n legal o migratoria m\u00e1s efectiva, de forma r\u00e1pida, clara y con total transparencia.\n      <\/p>\n\n      <div class=\"yl-contact-cards\">\n        <div class=\"yl-info-card\">\n          <div class=\"yl-info-icon\">\u260e<\/div>\n          <div class=\"yl-info-text\">\n            <div class=\"yl-info-title\">Telefono<\/div>\n            <div class=\"yl-info-value\">+34 937000101, +34 667396634<\/div>\n          <\/div>\n        <\/div>\n\n        <div class=\"yl-info-card\">\n          <div class=\"yl-info-icon\">\u2709<\/div>\n          <div class=\"yl-info-text\">\n            <div class=\"yl-info-title\">Correo electr\u00f3nico<\/div>\n            <div class=\"yl-info-value\">info@yodhalegal.es<\/div>\n          <\/div>\n        <\/div>\n\n        <div class=\"yl-info-card\">\n          <div class=\"yl-info-icon\">\u2301<\/div>\n          <div class=\"yl-info-text\">\n            <div class=\"yl-info-title\">Ubicaci\u00f3n<\/div>\n            <div class=\"yl-info-value\">\n              Calle Pelai 12, 3D 08001, Barcelona, Spain<br\/>\n              Metro: L3 Plaza Catalunya L2, L1: Universitat\n            <\/div>\n          <\/div>\n        <\/div>\n      <\/div>\n    <\/div>\n\n    <!-- RIGHT SIDE (FORM CARD) -->\n    <div class=\"yl-contact-right\">\n      <div class=\"yl-form-card\">\n        \n<div class=\"wpcf7 no-js\" id=\"wpcf7-f233-o1\" lang=\"en-US\" dir=\"ltr\" data-wpcf7-id=\"233\">\n<div class=\"screen-reader-response\"><p role=\"status\" aria-live=\"polite\" aria-atomic=\"true\"><\/p> <ul><\/ul><\/div>\n<form action=\"\/es\/wp-json\/wp\/v2\/pages\/1807#wpcf7-f233-o1\" method=\"post\" class=\"wpcf7-form init\" aria-label=\"Contact form\" novalidate=\"novalidate\" data-status=\"init\" data-trp-original-action=\"\/es\/wp-json\/wp\/v2\/pages\/1807#wpcf7-f233-o1\">\n<fieldset class=\"hidden-fields-container\"><input type=\"hidden\" name=\"_wpcf7\" value=\"233\" \/><input type=\"hidden\" name=\"_wpcf7_version\" value=\"6.1.5\" \/><input type=\"hidden\" name=\"_wpcf7_locale\" value=\"en_US\" \/><input type=\"hidden\" name=\"_wpcf7_unit_tag\" value=\"wpcf7-f233-o1\" \/><input type=\"hidden\" name=\"_wpcf7_container_post\" value=\"0\" \/><input type=\"hidden\" name=\"_wpcf7_posted_data_hash\" value=\"\" \/>\n<\/fieldset>\n<h2 class=\"cf7-title\">Consulta Gratuita\n<\/h2>\n<p class=\"cf7-subtitle\">Nos pondremos en contacto contigo de inmediato.\n<\/p>\n<div class=\"form-row full-row-form\">\n\t<p><label>Nombre completo<\/label><br \/>\n<span class=\"wpcf7-form-control-wrap\" data-name=\"full-name\"><input size=\"40\" maxlength=\"400\" class=\"wpcf7-form-control wpcf7-text wpcf7-validates-as-required\" aria-required=\"true\" aria-invalid=\"false\" placeholder=\"ej. Juan P\u00e9rez\" value=\"\" type=\"text\" name=\"full-name\" \/><\/span>\n\t<\/p>\n<\/div>\n<div class=\"form-row form-grid\">\n\t<div>\n\t\t<p><label>Correo electr\u00f3nico<\/label><br \/>\n<span class=\"wpcf7-form-control-wrap\" data-name=\"email\"><input size=\"40\" maxlength=\"400\" class=\"wpcf7-form-control wpcf7-email wpcf7-validates-as-required wpcf7-text wpcf7-validates-as-email\" aria-required=\"true\" aria-invalid=\"false\" placeholder=\"e.g. example@email.com\" value=\"\" type=\"email\" name=\"email\" \/><\/span>\n\t\t<\/p>\n\t<\/div>\n\t<div>\n\t\t<p><label>N\u00famero de tel\u00e9fono<\/label><br \/>\n<span class=\"wpcf7-form-control-wrap\" data-name=\"phone\"><input size=\"40\" maxlength=\"400\" class=\"wpcf7-form-control wpcf7-tel wpcf7-validates-as-required wpcf7-text wpcf7-validates-as-tel\" aria-required=\"true\" aria-invalid=\"false\" placeholder=\"+34 912 345 678\" value=\"\" type=\"tel\" name=\"phone\" \/><\/span>\n\t\t<\/p>\n\t<\/div>\n<\/div>\n<div class=\"form-row form-grid\">\n\t<div>\n\t\t<p><label>Categor\u00eda<\/label><br \/>\n<span class=\"wpcf7-form-control-wrap\" data-name=\"category\"><select class=\"wpcf7-form-control wpcf7-select wpcf7-validates-as-required\" id=\"category\" aria-required=\"true\" aria-invalid=\"false\" name=\"category\"><option value=\"Select a category\">Subcategor\u00eda<\/option><option value=\"Immigration\">Extranjer\u00eda<\/option><option value=\"Legal\">Legal<\/option><option value=\"Criminal Law\">Criminal Law<\/option><option value=\"Business &amp; Corporate Legal Services\">Servicios Legales para Empresas y Corporaciones<\/option><\/select><\/span>\n\t\t<\/p>\n\t<\/div>\n\t<div id=\"subcategory-container\">\n <!-- IMMIGRATION -->\n\t\t<div class=\"subcategory-wrapper\" data-category=\"Immigration\" style=\"display:none;\">\n\t\t\t<p><label>Subcategor\u00eda<\/label><br \/>\n<span class=\"wpcf7-form-control-wrap\" data-name=\"subcat-imm\"><select class=\"wpcf7-form-control wpcf7-select\" aria-invalid=\"false\" name=\"subcat-imm\"><option value=\"Non-Lucrative Visa\">Visado no lucrativo<\/option><option value=\"Digital Nomad Visa\">Visa de n\u00f3mada digital<\/option><option value=\"Entrepreneur Visa\">Visado para emprendedores<\/option><option value=\"NIE Number (Arraigo)\">NIE Number (Arraigo)<\/option><option value=\"Spanish Citizenship (Nacionalidad)\">Ciudadan\u00eda espa\u00f1ola (Nacionalidad)<\/option><option value=\"Work Permit\">Permiso de trabajo<\/option><option value=\"Family Member Visa\">Visado para familiares de ciudadanos de la UE<\/option><option value=\"Student Visa\">Visado de estudiante<\/option><\/select><\/span>\n\t\t\t<\/p>\n\t\t<\/div>\n <!-- LEGAL -->\n\t\t<div class=\"subcategory-wrapper\" data-category=\"Legal\" style=\"display:none;\">\n\t\t\t<p><label>Subcategor\u00eda<\/label><br \/>\n<span class=\"wpcf7-form-control-wrap\" data-name=\"subcat-legal\"><select class=\"wpcf7-form-control wpcf7-select\" aria-invalid=\"false\" name=\"subcat-legal\"><option value=\"Civil Law Services\">Civil Law Services<\/option><option value=\"Civil Partnership (Pareja de Hecho)\">Civil Partnership (Pareja de Hecho)<\/option><option value=\"Marriage &amp; Prenuptial Agreements\">Matrimonio y Capitulaciones Matrimoniales<\/option><option value=\"Drafting a Will\">Redacci\u00f3n de Testamento<\/option><option value=\"Rental Contract\">Contrato de Alquiler<\/option><option value=\"Debt Recovery\">Reclamaci\u00f3n de Deudas<\/option><\/select><\/span>\n\t\t\t<\/p>\n\t\t<\/div>\n <!-- CRIMINAL LAW -->\n\t\t<div class=\"subcategory-wrapper\" data-category=\"Criminal Law\" style=\"display:none;\">\n\t\t\t<p><label>Subcategor\u00eda<\/label><br \/>\n<span class=\"wpcf7-form-control-wrap\" data-name=\"subcat-criminal\"><select class=\"wpcf7-form-control wpcf7-select\" aria-invalid=\"false\" name=\"subcat-criminal\"><option value=\"Criminal Law Services\">Servicios de Derecho Penal<\/option><option value=\"Legal Defence for Criminal Offenses\">Defensa Legal en Delitos Penales<\/option><option value=\"Criminal Records &amp; Background Clearance\">Antecedentes Penales y Certificados de Cancelaci\u00f3n<\/option><option value=\"Crimes Against Road Safety\">Delitos contra la Seguridad Vial<\/option><option value=\"Domestic Violence &amp; Restraining Orders\">Violencia dom\u00e9stica y \u00f3rdenes de restricci\u00f3n<\/option><\/select><\/span>\n\t\t\t<\/p>\n\t\t<\/div>\n <!-- BUSINESS & CORPORATE LEGAL SERVICES -->\n\t\t<div class=\"subcategory-wrapper\" data-category=\"Business & Corporate Legal Services\" style=\"display:none;\">\n\t\t\t<p><label>Subcategor\u00eda<\/label><br \/>\n<span class=\"wpcf7-form-control-wrap\" data-name=\"subcat-business\"><select class=\"wpcf7-form-control wpcf7-select\" aria-invalid=\"false\" name=\"subcat-business\"><option value=\"Company Formation (SL \u2013 Limited Liability Company)\">Company Formation (SL \u2013 Limited Liability Company)<\/option><option value=\"Opening a Branch in Spain\">Apertura de Sucursal en Espa\u00f1a<\/option><option value=\"Trademark Registration &amp; Name Registry\">Registro de Marcas y Registro de Nombres<\/option><option value=\"Freelancer Registration (Aut\u00f3nomo)\">Freelancer Registration (Aut\u00f3nomo)<\/option><option value=\"Shareholder Agreements &amp; Equity Transfers\">Acuerdos de accionistas y transferencias de capital<\/option><option value=\"Employee Contracts &amp; Payroll Management\">Contratos Laborales y Gesti\u00f3n de N\u00f3minas<\/option><option value=\"Accounting &amp; Tax Optimisation\">Accounting &amp; Tax Optimisation<\/option><option value=\"Commercial Property Transactions\">Transacciones de Inmuebles Comerciales<\/option><\/select><\/span>\n\t\t\t<\/p>\n\t\t<\/div>\n\t<\/div>\n<\/div>\n<!-- Hidden unified subcategory value -->\n<input class=\"wpcf7-form-control wpcf7-hidden\" id=\"subcategory-hidden\" value=\"\" type=\"hidden\" name=\"subcategory\" \/>\n<div class=\"form-row\">\n\t<p><label>Mensaje<\/label><br \/>\n<span class=\"wpcf7-form-control-wrap\" data-name=\"message\"><textarea cols=\"40\" rows=\"10\" maxlength=\"2000\" class=\"wpcf7-form-control wpcf7-textarea wpcf7-validates-as-required\" aria-required=\"true\" aria-invalid=\"false\" placeholder=\"Escribe tu consulta aqu\u00ed\" name=\"message\"><\/textarea><\/span>\n\t<\/p>\n<\/div>\n<div class=\"form-row\">\n\t<p><input class=\"wpcf7-form-control wpcf7-submit has-spinner btn-submit\" type=\"submit\" value=\"Enviar\" \/>\n\t<\/p>\n<\/div><div class=\"wpcf7-response-output\" aria-hidden=\"true\"><\/div>\n<input type=\"hidden\" name=\"trp-form-language\" value=\"es\"\/><\/form>\n<\/div>\n\n      <\/div>\n    <\/div>\n\n  <\/div>\n<\/div>\n\t\t\t\t<\/div>\n\t\t\t\t\t<\/div>\n\t\t\t\t<\/div>\n\t\t<div class=\"elementor-element elementor-element-fb42e8a e-flex e-con-boxed wpr-particle-no wpr-jarallax-no wpr-parallax-no wpr-sticky-section-no e-con e-parent\" data-id=\"fb42e8a\" data-element_type=\"container\" data-e-type=\"container\">\n\t\t\t\t\t<div class=\"e-con-inner\">\n\t\t\t\t<div class=\"elementor-element elementor-element-aa3e804 elementor-widget elementor-widget-html\" data-id=\"aa3e804\" data-element_type=\"widget\" data-e-type=\"widget\" data-widget_type=\"html.default\">\n\t\t\t\t\t<iframe src=\"https:\/\/www.google.com\/maps\/embed?pb=!1m18!1m12!1m3!1d2993.4660801755513!2d2.1656735!3d41.3856835!2m3!1f0!2f0!3f0!3m2!1i1024!2i768!4f13.1!3m3!1m2!1s0x12a4a34caaecebeb%3A0xba8d0679a649887f!2sYodha%20Legal!5e0!3m2!1sen!2suk!4v1758539598769!5m2!1sen!2suk\" width=\"600\" height=\"450\" style=\"border:0;\" allowfullscreen=\"\" loading=\"lazy\" referrerpolicy=\"no-referrer-when-downgrade\"><\/iframe>\t\t\t\t<\/div>\n\t\t\t\t\t<\/div>\n\t\t\t\t<\/div>\n\t\t\t\t<\/div>","protected":false},"excerpt":{"rendered":"<p>Contact Ask Us Anything.Anytime. Our team will provide the most effective legal or immigration solution, quickly, clearly and with full transparency. \u260e Phone +34 937000101, +34 667396634 \u2709 Email info@yodhalegal.es \u2301 Location Calle Pelai 12, 3D 08001, Barcelona, Spain Metro: L3 Plaza Catalunya L2, L1: Universitat<\/p>","protected":false},"author":1,"featured_media":0,"parent":0,"menu_order":0,"comment_status":"closed","ping_status":"closed","template":"elementor_header_footer","meta":{"footnotes":""},"class_list":["post-1807","page","type-page","status-publish","hentry","entry"],"yoast_head":"<!-- This site is optimized with the Yoast SEO plugin v26.9 - https:\/\/yoast.com\/product\/yoast-seo-wordpress\/ -->\n<title>Contact Us for Legal &amp; Immigration Help | Yodha Legal<\/title>\n<meta name=\"description\" content=\"Need legal help or translation services in Spain? Contact Yodha Legal for trusted support in interpretation, official documents, and consultations.\" \/>\n<meta name=\"robots\" content=\"index, follow, max-snippet:-1, max-image-preview:large, max-video-preview:-1\" \/>\n<link rel=\"canonical\" href=\"https:\/\/yodhalegal.es\/es\/contact\/\" \/>\n<meta property=\"og:locale\" content=\"es_ES\" \/>\n<meta property=\"og:type\" content=\"article\" \/>\n<meta property=\"og:title\" content=\"Contact Us for Legal &amp; Immigration Help | Yodha Legal\" \/>\n<meta property=\"og:description\" content=\"Need legal help or translation services in Spain? Contact Yodha Legal for trusted support in interpretation, official documents, and consultations.\" \/>\n<meta property=\"og:url\" content=\"https:\/\/yodhalegal.es\/es\/contact\/\" \/>\n<meta property=\"og:site_name\" content=\"Yodha Legal\" \/>\n<meta property=\"article:modified_time\" content=\"2026-02-07T13:12:18+00:00\" \/>\n<meta name=\"twitter:card\" content=\"summary_large_image\" \/>\n<meta name=\"twitter:label1\" content=\"Tiempo de lectura\" \/>\n\t<meta name=\"twitter:data1\" content=\"1 minuto\" \/>\n<script type=\"application\/ld+json\" class=\"yoast-schema-graph\">{\"@context\":\"https:\/\/schema.org\",\"@graph\":[{\"@type\":\"WebPage\",\"@id\":\"https:\/\/yodhalegal.es\/contact\/\",\"url\":\"https:\/\/yodhalegal.es\/contact\/\",\"name\":\"Contact Us for Legal & Immigration Help | Yodha Legal\",\"isPartOf\":{\"@id\":\"https:\/\/yodhalegal.es\/#website\"},\"datePublished\":\"2025-04-02T16:13:08+00:00\",\"dateModified\":\"2026-02-07T13:12:18+00:00\",\"description\":\"Need legal help or translation services in Spain? Contact Yodha Legal for trusted support in interpretation, official documents, and consultations.\",\"breadcrumb\":{\"@id\":\"https:\/\/yodhalegal.es\/contact\/#breadcrumb\"},\"inLanguage\":\"es\",\"potentialAction\":[{\"@type\":\"ReadAction\",\"target\":[\"https:\/\/yodhalegal.es\/contact\/\"]}]},{\"@type\":\"BreadcrumbList\",\"@id\":\"https:\/\/yodhalegal.es\/contact\/#breadcrumb\",\"itemListElement\":[{\"@type\":\"ListItem\",\"position\":1,\"name\":\"Home\",\"item\":\"https:\/\/yodhalegal.es\/\"},{\"@type\":\"ListItem\",\"position\":2,\"name\":\"Contact\"}]},{\"@type\":\"WebSite\",\"@id\":\"https:\/\/yodhalegal.es\/#website\",\"url\":\"https:\/\/yodhalegal.es\/\",\"name\":\"Yodha Legal\",\"description\":\"\",\"publisher\":{\"@id\":\"https:\/\/yodhalegal.es\/#organization\"},\"potentialAction\":[{\"@type\":\"SearchAction\",\"target\":{\"@type\":\"EntryPoint\",\"urlTemplate\":\"https:\/\/yodhalegal.es\/?s={search_term_string}\"},\"query-input\":{\"@type\":\"PropertyValueSpecification\",\"valueRequired\":true,\"valueName\":\"search_term_string\"}}],\"inLanguage\":\"es\"},{\"@type\":\"Organization\",\"@id\":\"https:\/\/yodhalegal.es\/#organization\",\"name\":\"Yodha Legal\",\"url\":\"https:\/\/yodhalegal.es\/\",\"logo\":{\"@type\":\"ImageObject\",\"inLanguage\":\"es\",\"@id\":\"https:\/\/yodhalegal.es\/#\/schema\/logo\/image\/\",\"url\":\"https:\/\/yodhalegal.es\/wp-content\/uploads\/2025\/07\/Group-223.png\",\"contentUrl\":\"https:\/\/yodhalegal.es\/wp-content\/uploads\/2025\/07\/Group-223.png\",\"width\":227,\"height\":48,\"caption\":\"Yodha Legal\"},\"image\":{\"@id\":\"https:\/\/yodhalegal.es\/#\/schema\/logo\/image\/\"}}]}<\/script>\n<!-- \/ Yoast SEO plugin. -->","yoast_head_json":{"title":"Contact Us for Legal & Immigration Help | Yodha Legal","description":"Need legal help or translation services in Spain? Contact Yodha Legal for trusted support in interpretation, official documents, and consultations.","robots":{"index":"index","follow":"follow","max-snippet":"max-snippet:-1","max-image-preview":"max-image-preview:large","max-video-preview":"max-video-preview:-1"},"canonical":"https:\/\/yodhalegal.es\/es\/contact\/","og_locale":"es_ES","og_type":"article","og_title":"Contact Us for Legal & Immigration Help | Yodha Legal","og_description":"Need legal help or translation services in Spain? Contact Yodha Legal for trusted support in interpretation, official documents, and consultations.","og_url":"https:\/\/yodhalegal.es\/es\/contact\/","og_site_name":"Yodha Legal","article_modified_time":"2026-02-07T13:12:18+00:00","twitter_card":"summary_large_image","twitter_misc":{"Tiempo de lectura":"1 minuto"},"schema":{"@context":"https:\/\/schema.org","@graph":[{"@type":"WebPage","@id":"https:\/\/yodhalegal.es\/contact\/","url":"https:\/\/yodhalegal.es\/contact\/","name":"Contact Us for Legal & Immigration Help | Yodha Legal","isPartOf":{"@id":"https:\/\/yodhalegal.es\/#website"},"datePublished":"2025-04-02T16:13:08+00:00","dateModified":"2026-02-07T13:12:18+00:00","description":"Need legal help or translation services in Spain? Contact Yodha Legal for trusted support in interpretation, official documents, and consultations.","breadcrumb":{"@id":"https:\/\/yodhalegal.es\/contact\/#breadcrumb"},"inLanguage":"es","potentialAction":[{"@type":"ReadAction","target":["https:\/\/yodhalegal.es\/contact\/"]}]},{"@type":"BreadcrumbList","@id":"https:\/\/yodhalegal.es\/contact\/#breadcrumb","itemListElement":[{"@type":"ListItem","position":1,"name":"Home","item":"https:\/\/yodhalegal.es\/"},{"@type":"ListItem","position":2,"name":"Contact"}]},{"@type":"WebSite","@id":"https:\/\/yodhalegal.es\/#website","url":"https:\/\/yodhalegal.es\/","name":"Yodha Legal","description":"","publisher":{"@id":"https:\/\/yodhalegal.es\/#organization"},"potentialAction":[{"@type":"SearchAction","target":{"@type":"EntryPoint","urlTemplate":"https:\/\/yodhalegal.es\/?s={search_term_string}"},"query-input":{"@type":"PropertyValueSpecification","valueRequired":true,"valueName":"search_term_string"}}],"inLanguage":"es"},{"@type":"Organization","@id":"https:\/\/yodhalegal.es\/#organization","name":"Yodha Legal","url":"https:\/\/yodhalegal.es\/","logo":{"@type":"ImageObject","inLanguage":"es","@id":"https:\/\/yodhalegal.es\/#\/schema\/logo\/image\/","url":"https:\/\/yodhalegal.es\/wp-content\/uploads\/2025\/07\/Group-223.png","contentUrl":"https:\/\/yodhalegal.es\/wp-content\/uploads\/2025\/07\/Group-223.png","width":227,"height":48,"caption":"Yodha Legal"},"image":{"@id":"https:\/\/yodhalegal.es\/#\/schema\/logo\/image\/"}}]}},"acf":[],"_links":{"self":[{"href":"https:\/\/yodhalegal.es\/es\/wp-json\/wp\/v2\/pages\/1807","targetHints":{"allow":["GET"]}}],"collection":[{"href":"https:\/\/yodhalegal.es\/es\/wp-json\/wp\/v2\/pages"}],"about":[{"href":"https:\/\/yodhalegal.es\/es\/wp-json\/wp\/v2\/types\/page"}],"author":[{"embeddable":true,"href":"https:\/\/yodhalegal.es\/es\/wp-json\/wp\/v2\/users\/1"}],"replies":[{"embeddable":true,"href":"https:\/\/yodhalegal.es\/es\/wp-json\/wp\/v2\/comments?post=1807"}],"version-history":[{"count":78,"href":"https:\/\/yodhalegal.es\/es\/wp-json\/wp\/v2\/pages\/1807\/revisions"}],"predecessor-version":[{"id":3740,"href":"https:\/\/yodhalegal.es\/es\/wp-json\/wp\/v2\/pages\/1807\/revisions\/3740"}],"wp:attachment":[{"href":"https:\/\/yodhalegal.es\/es\/wp-json\/wp\/v2\/media?parent=1807"}],"curies":[{"name":"wp","href":"https:\/\/api.w.org\/{rel}","templated":true}]}}